{"id":1125764,"date":"2026-05-08T19:53:07","date_gmt":"2026-05-08T17:53:07","guid":{"rendered":"https:\/\/wein-werte.com\/product\/hm-lang-gruner-veltliner-riede-steiner-schreck-dritter-akt-2020-750ml\/"},"modified":"2026-05-01T23:43:21","modified_gmt":"2026-05-01T21:43:21","slug":"hm-lang-gruner-veltliner-riede-steiner-schreck-dritter-akt-2020-750ml","status":"publish","type":"product","link":"https:\/\/wein-werte.com\/de\/produkt\/hm-lang-gruner-veltliner-riede-steiner-schreck-dritter-akt-2020-750ml\/","title":{"rendered":"HM Lang | Krems | Gr\u00fcner Veltliner Riede Steiner Schreck &#8220;Dritter Akt&#8221;  | 2020 | 750ml | bio"},"content":{"rendered":"<p>Produktbeschreibung f\u00fcr HM Lang Gr\u00fcner Veltliner Riede Steiner Schreck &#8220;Dritter Akt&#8221;  2020 (bio) <\/p>\n<h5>Information zum Wein\u00a0<\/h5>\n<p>Der Gr\u00fcne Veltliner stammt aus der Riede Steiner Schreck. Die Lage ist sehr steil, die Reben stehen auf kleinen Terrassen von rund vier bis f\u00fcnf Metern Tiefe, die von Gf\u00f6ller Gneis und Granit gepr\u00e4gt sind. Die Reben (die Wurzeln, nicht die St\u00f6cke) sind rund 100 Jahre alt und werden demeter-zertifiziert bewirtschaftet. Sie verf\u00fcgen \u00fcber eine 2,4 Meter hohe Laubwand. Die Lage befindet sich auf rund 320 Metern Seeh\u00f6he. Die Lese fand am 9. 9. 2020 statt; denn waren die Trauben physiologisch reif, und Markus Lang hat bei einem pH-Wert von 3,0 gelesen. Dieser fr\u00fche Lesezeitpunkt f\u00fchrte zu einem Alkoholgehalt von lediglich 10,5 Vol.-%. Der GV wurde \u00fcber zwei Tage hinweg extrem langsam auf der selbst konzipierten 100-Tonnen-Baumpresse gepresst. Der Pressvorgang selbst l\u00e4uft komplett reduktiv ab, danach aber hat der Saft Zeit zu br\u00e4unen, wird also bewusst einer Oxidation ausgesetzt. Der Saft wurde spontan vergoren, \u00fcber zwei Jahre hinweg auf der Vollhefe im gro\u00dfen Holzfass ausgebaut und unfiltriert im November 2022 gef\u00fcllt. Beim Verg\u00e4ren setzte Lang 5 bis 6 % Beeren ohne Stile hinzu, die interzellul\u00e4r (wie bei der Mac\u00e9ration carbonique) g\u00e4ren und so den G\u00e4rprozess trotz der konstanten 9 \u00b0C im Keller immer wieder neu ansto\u00dfen. Sp\u00e4ter wurde der Wein minimal \u00fcber mehrere Tage hinweg in kleinsten Dosen geschwefelt. <\/p>\n<h5>Farbe<\/h5>\n<p> mittleres Strohgelb <\/p>\n<h5>Nase<\/h5>\n<p> Der Dritte Akt ist mittlerweile der einzige Gr\u00fcne Veltliner, der noch vollst\u00e4ndig im gro\u00dfen Holz ausgebaut wird. So soll es auch bleiben, und man sp\u00fcrt es direkt. Die Aromatik ver\u00e4ndert sich zugunsten etwas w\u00e4rmerer und exotischerer Noten wie junger Ananas, leicht gelbfleischiger Frucht und mehr Hefe und Lanolin. Dabei bleibt aber auch der Dritte Akt ein heller, klarer, leicht kr\u00e4utriger und zitrischer Wein. <\/p>\n<h5>Gaumen<\/h5>\n<p> Auch am Gaumen unterscheidet sich der Dritte Akt ganz klar von Fuchs und Dachs sowie Kalt und Klar, und zwar vielleicht noch deutlicher als fr\u00fcher. Durch den Ausbau im Holz ist nicht nur die leicht exotische Aromatik eine andere, sondern auch die S\u00e4urestruktur, die zwar immer noch klaren Druck aufbaut, aber seidiger wirkt als bei den anderen beiden Gr\u00fcnen Veltlinern. Zudem findet sich hier ein wenig mehr Gerbstoff am Gaumen. Mundf\u00fcllend mit viel Salz wirkt der Dritte Akt hedonistisch. Auch er ist ein heller und klarer Wein mit vielen zitrischen Noten wie auch der besagten gr\u00fcnen Ananas. Es gibt ein sehr gelungenes Spannungsverh\u00e4ltnis aus S\u00e4ure, Mineralit\u00e4t, Gerbstoff und einer charmanten cremigen Textur, wie sie der Dritte Akt bietet. Er ist noch blutjung, hochkomplex und will noch ein bisschen l\u00e4nger gelagert werden.<\/p>\n<p>Copyright Vinaturel 2025<\/p>\n<p>Keywords: <a href=\"https:\/\/wein-werte.com\/de\/shop\/?swoof=1&#038;pa_producer=HM-Lang\">HM Lang<\/a> <a href=\"https:\/\/wein-werte.com\/de\/shop\/?swoof=1&#038;woof_text=Gr\u00fcner Veltliner Riede Steiner Schreck \"Dritter Akt\" \">Gr\u00fcner Veltliner Riede Steiner Schreck &#8220;Dritter Akt&#8221; <\/a> 2020 bio <a href=\"https:\/\/wein-werte.com\/de\/shop\/?swoof=1&#038;pa_region=Krems\">Krems<\/a> <a href=\"https:\/\/wein-werte.com\/de\/shop\/?swoof=1&#038;pa_country=\u00d6sterreich\">\u00d6sterreich<\/a><\/p>\n<p>Internetseite des Weinguts: <a href=\"http:\/\/hmlang.at\/index.html\" target=\"_blank\">http:\/\/hmlang.at\/index.html<\/a><\/p>\n","protected":false},"excerpt":{"rendered":"<p>Lieferzeit: 1 bis 2 Arbeitstage (DE), 2 bis 5 Arbeitstage (EU and CH)<\/p>\n","protected":false},"featured_media":1138072,"template":"","meta":[],"product_brand":[],"product_cat":[19],"product_tag":[],"class_list":{"0":"post-1125764","1":"product","2":"type-product","3":"status-publish","4":"has-post-thumbnail","6":"product_cat-unkategorisiert","7":"pa_alcohol-for-filter-10-5","8":"pa_certified-biodynamic-ja-de","9":"pa_certified-organic-ja-de","10":"pa_colour-weiss","11":"pa_country-osterreich","12":"pa_grape-gruner-veltliner","13":"pa_price-for-filter-10583","14":"pa_producer-hm-lang","15":"pa_region-krems","16":"pa_size-ml-6584","17":"pa_sweetness-trocken-de","18":"pa_type-2-still-de","19":"pa_vintage-2020-de","20":"entry","21":"has-media","23":"first","24":"instock","25":"taxable","26":"shipping-taxable","27":"purchasable","28":"product-type-simple"},"yoast_head":"<!-- This site is optimized with the Yoast SEO plugin v27.5 - https:\/\/yoast.com\/product\/yoast-seo-wordpress\/ -->\n<title>HM Lang Gr\u00fcner Veltliner Riede Steiner Schreck &quot;Dritter Akt&quot; 2020<\/title>\n<meta name=\"description\" content=\"Kaufe HM Lang Gr\u00fcner Veltliner Riede Steiner Schreck &quot;Dritter Akt&quot; 2020 (Gr\u00fcner Veltliner, trocken aus Krems, \u00d6sterreich) bei Wein Werte, Ihrem nachhaltigen Onlineshop.\" \/>\n<meta name=\"robots\" content=\"index, follow, max-snippet:-1, max-image-preview:large, max-video-preview:-1\" \/>\n<link rel=\"canonical\" href=\"https:\/\/wein-werte.com\/de\/produkt\/hm-lang-gruner-veltliner-riede-steiner-schreck-dritter-akt-2020-750ml\/\" \/>\n<meta property=\"og:locale\" content=\"de_DE\" \/>\n<meta property=\"og:type\" content=\"article\" \/>\n<meta property=\"og:title\" content=\"HM Lang Gr\u00fcner Veltliner Riede Steiner Schreck &quot;Dritter Akt&quot; 2020\" \/>\n<meta property=\"og:description\" content=\"Kaufe HM Lang Gr\u00fcner Veltliner Riede Steiner Schreck &quot;Dritter Akt&quot; 2020 (Gr\u00fcner Veltliner, trocken aus Krems, \u00d6sterreich) bei Wein Werte, Ihrem nachhaltigen Onlineshop.\" \/>\n<meta property=\"og:url\" content=\"https:\/\/wein-werte.com\/de\/produkt\/hm-lang-gruner-veltliner-riede-steiner-schreck-dritter-akt-2020-750ml\/\" \/>\n<meta property=\"og:site_name\" content=\"Wein Werte\" \/>\n<meta property=\"og:image\" content=\"https:\/\/wein-werte.com\/wp-content\/uploads\/2026\/04\/HM-Lang-Gruner-Veltliner-Riede-Steiner-Schreck-Dritter-Akt-2020-750ml.png\" \/>\n\t<meta property=\"og:image:width\" content=\"340\" \/>\n\t<meta property=\"og:image:height\" content=\"1200\" \/>\n\t<meta property=\"og:image:type\" content=\"image\/png\" \/>\n<meta name=\"twitter:card\" content=\"summary_large_image\" \/>\n<meta name=\"twitter:label1\" content=\"Gesch\u00e4tzte Lesezeit\" \/>\n\t<meta name=\"twitter:data1\" content=\"2\u00a0Minuten\" \/>\n<script type=\"application\/ld+json\" class=\"yoast-schema-graph\">{\"@context\":\"https:\\\/\\\/schema.org\",\"@graph\":[{\"@type\":\"WebPage\",\"@id\":\"https:\\\/\\\/wein-werte.com\\\/de\\\/produkt\\\/hm-lang-gruner-veltliner-riede-steiner-schreck-dritter-akt-2020-750ml\\\/\",\"url\":\"https:\\\/\\\/wein-werte.com\\\/de\\\/produkt\\\/hm-lang-gruner-veltliner-riede-steiner-schreck-dritter-akt-2020-750ml\\\/\",\"name\":\"HM Lang Gr\u00fcner Veltliner Riede Steiner Schreck \\\"Dritter Akt\\\" 2020\",\"isPartOf\":{\"@id\":\"https:\\\/\\\/wein-werte.com\\\/de\\\/#website\"},\"primaryImageOfPage\":{\"@id\":\"https:\\\/\\\/wein-werte.com\\\/de\\\/produkt\\\/hm-lang-gruner-veltliner-riede-steiner-schreck-dritter-akt-2020-750ml\\\/#primaryimage\"},\"image\":{\"@id\":\"https:\\\/\\\/wein-werte.com\\\/de\\\/produkt\\\/hm-lang-gruner-veltliner-riede-steiner-schreck-dritter-akt-2020-750ml\\\/#primaryimage\"},\"thumbnailUrl\":\"https:\\\/\\\/wein-werte.com\\\/wp-content\\\/uploads\\\/2026\\\/04\\\/HM-Lang-Gruner-Veltliner-Riede-Steiner-Schreck-Dritter-Akt-2020-750ml.png\",\"datePublished\":\"2026-05-08T17:53:07+00:00\",\"description\":\"Kaufe HM Lang Gr\u00fcner Veltliner Riede Steiner Schreck \\\"Dritter Akt\\\" 2020 (Gr\u00fcner Veltliner, trocken aus Krems, \u00d6sterreich) bei Wein Werte, Ihrem nachhaltigen Onlineshop.\",\"breadcrumb\":{\"@id\":\"https:\\\/\\\/wein-werte.com\\\/de\\\/produkt\\\/hm-lang-gruner-veltliner-riede-steiner-schreck-dritter-akt-2020-750ml\\\/#breadcrumb\"},\"inLanguage\":\"de\",\"potentialAction\":[{\"@type\":\"ReadAction\",\"target\":[\"https:\\\/\\\/wein-werte.com\\\/de\\\/produkt\\\/hm-lang-gruner-veltliner-riede-steiner-schreck-dritter-akt-2020-750ml\\\/\"]}]},{\"@type\":\"ImageObject\",\"inLanguage\":\"de\",\"@id\":\"https:\\\/\\\/wein-werte.com\\\/de\\\/produkt\\\/hm-lang-gruner-veltliner-riede-steiner-schreck-dritter-akt-2020-750ml\\\/#primaryimage\",\"url\":\"https:\\\/\\\/wein-werte.com\\\/wp-content\\\/uploads\\\/2026\\\/04\\\/HM-Lang-Gruner-Veltliner-Riede-Steiner-Schreck-Dritter-Akt-2020-750ml.png\",\"contentUrl\":\"https:\\\/\\\/wein-werte.com\\\/wp-content\\\/uploads\\\/2026\\\/04\\\/HM-Lang-Gruner-Veltliner-Riede-Steiner-Schreck-Dritter-Akt-2020-750ml.png\",\"width\":340,\"height\":1200,\"caption\":\"HM Lang Gr\u00fcner Veltliner Riede Steiner Schreck \\\"Dritter Akt\\\" 2020 750ml\"},{\"@type\":\"BreadcrumbList\",\"@id\":\"https:\\\/\\\/wein-werte.com\\\/de\\\/produkt\\\/hm-lang-gruner-veltliner-riede-steiner-schreck-dritter-akt-2020-750ml\\\/#breadcrumb\",\"itemListElement\":[{\"@type\":\"ListItem\",\"position\":1,\"name\":\"Home\",\"item\":\"https:\\\/\\\/wein-werte.com\\\/de\\\/\"},{\"@type\":\"ListItem\",\"position\":2,\"name\":\"Shop\",\"item\":\"https:\\\/\\\/wein-werte.com\\\/de\\\/shop\\\/\"},{\"@type\":\"ListItem\",\"position\":3,\"name\":\"HM Lang | Krems | Gr\u00fcner Veltliner Riede Steiner Schreck &#8220;Dritter Akt&#8221; | 2020 | 750ml | bio\"}]},{\"@type\":\"WebSite\",\"@id\":\"https:\\\/\\\/wein-werte.com\\\/de\\\/#website\",\"url\":\"https:\\\/\\\/wein-werte.com\\\/de\\\/\",\"name\":\"Wein Werte\",\"description\":\"\",\"publisher\":{\"@id\":\"https:\\\/\\\/wein-werte.com\\\/de\\\/#organization\"},\"potentialAction\":[{\"@type\":\"SearchAction\",\"target\":{\"@type\":\"EntryPoint\",\"urlTemplate\":\"https:\\\/\\\/wein-werte.com\\\/de\\\/?s={search_term_string}\"},\"query-input\":{\"@type\":\"PropertyValueSpecification\",\"valueRequired\":true,\"valueName\":\"search_term_string\"}}],\"inLanguage\":\"de\"},{\"@type\":\"Organization\",\"@id\":\"https:\\\/\\\/wein-werte.com\\\/de\\\/#organization\",\"name\":\"Vins Fins Thorrold\",\"url\":\"https:\\\/\\\/wein-werte.com\\\/de\\\/\",\"logo\":{\"@type\":\"ImageObject\",\"inLanguage\":\"de\",\"@id\":\"https:\\\/\\\/wein-werte.com\\\/de\\\/#\\\/schema\\\/logo\\\/image\\\/\",\"url\":\"https:\\\/\\\/wein-werte.com\\\/wp-content\\\/uploads\\\/2023\\\/07\\\/Wein_werte_Logo700-1.png\",\"contentUrl\":\"https:\\\/\\\/wein-werte.com\\\/wp-content\\\/uploads\\\/2023\\\/07\\\/Wein_werte_Logo700-1.png\",\"width\":700,\"height\":272,\"caption\":\"Vins Fins Thorrold\"},\"image\":{\"@id\":\"https:\\\/\\\/wein-werte.com\\\/de\\\/#\\\/schema\\\/logo\\\/image\\\/\"}}]}<\/script>\n<!-- \/ Yoast SEO plugin. -->","yoast_head_json":{"title":"HM Lang Gr\u00fcner Veltliner Riede Steiner Schreck \"Dritter Akt\" 2020","description":"Kaufe HM Lang Gr\u00fcner Veltliner Riede Steiner Schreck \"Dritter Akt\" 2020 (Gr\u00fcner Veltliner, trocken aus Krems, \u00d6sterreich) bei Wein Werte, Ihrem nachhaltigen Onlineshop.","robots":{"index":"index","follow":"follow","max-snippet":"max-snippet:-1","max-image-preview":"max-image-preview:large","max-video-preview":"max-video-preview:-1"},"canonical":"https:\/\/wein-werte.com\/de\/produkt\/hm-lang-gruner-veltliner-riede-steiner-schreck-dritter-akt-2020-750ml\/","og_locale":"de_DE","og_type":"article","og_title":"HM Lang Gr\u00fcner Veltliner Riede Steiner Schreck \"Dritter Akt\" 2020","og_description":"Kaufe HM Lang Gr\u00fcner Veltliner Riede Steiner Schreck \"Dritter Akt\" 2020 (Gr\u00fcner Veltliner, trocken aus Krems, \u00d6sterreich) bei Wein Werte, Ihrem nachhaltigen Onlineshop.","og_url":"https:\/\/wein-werte.com\/de\/produkt\/hm-lang-gruner-veltliner-riede-steiner-schreck-dritter-akt-2020-750ml\/","og_site_name":"Wein Werte","og_image":[{"width":340,"height":1200,"url":"https:\/\/wein-werte.com\/wp-content\/uploads\/2026\/04\/HM-Lang-Gruner-Veltliner-Riede-Steiner-Schreck-Dritter-Akt-2020-750ml.png","type":"image\/png"}],"twitter_card":"summary_large_image","twitter_misc":{"Gesch\u00e4tzte Lesezeit":"2\u00a0Minuten"},"schema":{"@context":"https:\/\/schema.org","@graph":[{"@type":"WebPage","@id":"https:\/\/wein-werte.com\/de\/produkt\/hm-lang-gruner-veltliner-riede-steiner-schreck-dritter-akt-2020-750ml\/","url":"https:\/\/wein-werte.com\/de\/produkt\/hm-lang-gruner-veltliner-riede-steiner-schreck-dritter-akt-2020-750ml\/","name":"HM Lang Gr\u00fcner Veltliner Riede Steiner Schreck \"Dritter Akt\" 2020","isPartOf":{"@id":"https:\/\/wein-werte.com\/de\/#website"},"primaryImageOfPage":{"@id":"https:\/\/wein-werte.com\/de\/produkt\/hm-lang-gruner-veltliner-riede-steiner-schreck-dritter-akt-2020-750ml\/#primaryimage"},"image":{"@id":"https:\/\/wein-werte.com\/de\/produkt\/hm-lang-gruner-veltliner-riede-steiner-schreck-dritter-akt-2020-750ml\/#primaryimage"},"thumbnailUrl":"https:\/\/wein-werte.com\/wp-content\/uploads\/2026\/04\/HM-Lang-Gruner-Veltliner-Riede-Steiner-Schreck-Dritter-Akt-2020-750ml.png","datePublished":"2026-05-08T17:53:07+00:00","description":"Kaufe HM Lang Gr\u00fcner Veltliner Riede Steiner Schreck \"Dritter Akt\" 2020 (Gr\u00fcner Veltliner, trocken aus Krems, \u00d6sterreich) bei Wein Werte, Ihrem nachhaltigen Onlineshop.","breadcrumb":{"@id":"https:\/\/wein-werte.com\/de\/produkt\/hm-lang-gruner-veltliner-riede-steiner-schreck-dritter-akt-2020-750ml\/#breadcrumb"},"inLanguage":"de","potentialAction":[{"@type":"ReadAction","target":["https:\/\/wein-werte.com\/de\/produkt\/hm-lang-gruner-veltliner-riede-steiner-schreck-dritter-akt-2020-750ml\/"]}]},{"@type":"ImageObject","inLanguage":"de","@id":"https:\/\/wein-werte.com\/de\/produkt\/hm-lang-gruner-veltliner-riede-steiner-schreck-dritter-akt-2020-750ml\/#primaryimage","url":"https:\/\/wein-werte.com\/wp-content\/uploads\/2026\/04\/HM-Lang-Gruner-Veltliner-Riede-Steiner-Schreck-Dritter-Akt-2020-750ml.png","contentUrl":"https:\/\/wein-werte.com\/wp-content\/uploads\/2026\/04\/HM-Lang-Gruner-Veltliner-Riede-Steiner-Schreck-Dritter-Akt-2020-750ml.png","width":340,"height":1200,"caption":"HM Lang Gr\u00fcner Veltliner Riede Steiner Schreck \"Dritter Akt\" 2020 750ml"},{"@type":"BreadcrumbList","@id":"https:\/\/wein-werte.com\/de\/produkt\/hm-lang-gruner-veltliner-riede-steiner-schreck-dritter-akt-2020-750ml\/#breadcrumb","itemListElement":[{"@type":"ListItem","position":1,"name":"Home","item":"https:\/\/wein-werte.com\/de\/"},{"@type":"ListItem","position":2,"name":"Shop","item":"https:\/\/wein-werte.com\/de\/shop\/"},{"@type":"ListItem","position":3,"name":"HM Lang | Krems | Gr\u00fcner Veltliner Riede Steiner Schreck &#8220;Dritter Akt&#8221; | 2020 | 750ml | bio"}]},{"@type":"WebSite","@id":"https:\/\/wein-werte.com\/de\/#website","url":"https:\/\/wein-werte.com\/de\/","name":"Wein Werte","description":"","publisher":{"@id":"https:\/\/wein-werte.com\/de\/#organization"},"potentialAction":[{"@type":"SearchAction","target":{"@type":"EntryPoint","urlTemplate":"https:\/\/wein-werte.com\/de\/?s={search_term_string}"},"query-input":{"@type":"PropertyValueSpecification","valueRequired":true,"valueName":"search_term_string"}}],"inLanguage":"de"},{"@type":"Organization","@id":"https:\/\/wein-werte.com\/de\/#organization","name":"Vins Fins Thorrold","url":"https:\/\/wein-werte.com\/de\/","logo":{"@type":"ImageObject","inLanguage":"de","@id":"https:\/\/wein-werte.com\/de\/#\/schema\/logo\/image\/","url":"https:\/\/wein-werte.com\/wp-content\/uploads\/2023\/07\/Wein_werte_Logo700-1.png","contentUrl":"https:\/\/wein-werte.com\/wp-content\/uploads\/2023\/07\/Wein_werte_Logo700-1.png","width":700,"height":272,"caption":"Vins Fins Thorrold"},"image":{"@id":"https:\/\/wein-werte.com\/de\/#\/schema\/logo\/image\/"}}]}},"_links":{"self":[{"href":"https:\/\/wein-werte.com\/de\/wp-json\/wp\/v2\/product\/1125764","targetHints":{"allow":["GET"]}}],"collection":[{"href":"https:\/\/wein-werte.com\/de\/wp-json\/wp\/v2\/product"}],"about":[{"href":"https:\/\/wein-werte.com\/de\/wp-json\/wp\/v2\/types\/product"}],"wp:featuredmedia":[{"embeddable":true,"href":"https:\/\/wein-werte.com\/de\/wp-json\/wp\/v2\/media\/1138072"}],"wp:attachment":[{"href":"https:\/\/wein-werte.com\/de\/wp-json\/wp\/v2\/media?parent=1125764"}],"wp:term":[{"taxonomy":"product_brand","embeddable":true,"href":"https:\/\/wein-werte.com\/de\/wp-json\/wp\/v2\/product_brand?post=1125764"},{"taxonomy":"product_cat","embeddable":true,"href":"https:\/\/wein-werte.com\/de\/wp-json\/wp\/v2\/product_cat?post=1125764"},{"taxonomy":"product_tag","embeddable":true,"href":"https:\/\/wein-werte.com\/de\/wp-json\/wp\/v2\/product_tag?post=1125764"}],"curies":[{"name":"wp","href":"https:\/\/api.w.org\/{rel}","templated":true}]}}