{"id":1125649,"date":"2026-05-17T12:29:38","date_gmt":"2026-05-17T10:29:38","guid":{"rendered":"https:\/\/wein-werte.com\/product\/nittnaus-anita-und-hans-pannobile-rot-2016-1500ml\/"},"modified":"2026-05-14T23:12:07","modified_gmt":"2026-05-14T21:12:07","slug":"nittnaus-anita-und-hans-pannobile-rot-2016-1500ml","status":"publish","type":"product","link":"https:\/\/wein-werte.com\/de\/produkt\/nittnaus-anita-und-hans-pannobile-rot-2016-1500ml\/","title":{"rendered":"Nittnaus Anita &#038; Hans | Burgenland\/Neusiedlersee | Pannobile Rot | 2016 | 1500ml | bio"},"content":{"rendered":"<p>Produktbeschreibung f\u00fcr Nittnaus Anita &#038; Hans Pannobile Rot 2016 (bio) <\/p>\n<h5>Info zum Wein<\/h5>\n<p> Die handverlesenen Biotrauben vom Zweigelt und Blaufr\u00e4nkisch f\u00fcr diese Premiumcuv\u00e9e reiften in Top-Hanglagen am Nordrand des Neusiedler Sees. Der Zweigelt stammt vom Leithaberg in Jois, der Blaufr\u00e4nkisch vom Golser Ungerberg. <\/p>\n<h5>Infos zum Ausbau<\/h5>\n<p> H\u00e4ndische Ernte und Selektion, Spontanverg\u00e4rung im Holz, 20 Monate Reifung auf der Hefe in 500 Liter Holzf\u00e4ssern. <\/p>\n<h5>Farbe<\/h5>\n<p> Dichtes Granatrot, fast farbdicht bis zum Rand, mit violett-schwarzen Reflexen. <\/p>\n<h5>Nase<\/h5>\n<p> Der 2016er Pannobile ist ein dichtfruchtiger, jugendlich anmutender Edelmann, wie das Weingut die Cuv\u00e9e treffend beschreibt. Dunkle Schattenmorellen, Brombeeren, Pflaumenmus vereinen sich mit Kaminholz, mediterranen Kr\u00e4utern, S\u00fc\u00dfholz und einem Hauch gr\u00fcner Paprika. Man m\u00f6chte sofort eintauchen in diesen \u00e4u\u00dferst stimmigen Tropfen. <\/p>\n<h5>Gaumen<\/h5>\n<p> Beim Eintauchen trifft man auf viel saftige und frische Frucht, besonders die Kirsche ist \u00e4u\u00dferst pr\u00e4sent und vereint sich mit einer anregenden S\u00e4ure, einer geschliffenen Tanninstruktur und einer steinigen Mineralit\u00e4t, die ihm bei allem Charme Gripp und Finesse verleiht. Ein stoffiger Wein, absolut auf dem Punkt mit animierendem und langem Nachhall. Trinkfreude pur!<\/p>\n<p>Copyright Vinaturel 2025<\/p>\n<p>Keywords: <a href=\"https:\/\/wein-werte.com\/de\/shop\/?swoof=1&#038;pa_producer=Nittnaus-Anita-&#038;-Hans\">Nittnaus Anita &#038; Hans<\/a> <a href=\"https:\/\/wein-werte.com\/de\/shop\/?swoof=1&#038;woof_text=Pannobile Rot\">Pannobile Rot<\/a> 2016 bio <a href=\"https:\/\/wein-werte.com\/de\/shop\/?swoof=1&#038;pa_region=Burgenland\/Neusiedlersee\">Burgenland\/Neusiedlersee<\/a> <a href=\"https:\/\/wein-werte.com\/de\/shop\/?swoof=1&#038;pa_country=\u00d6sterreich\">\u00d6sterreich<\/a><\/p>\n<p>Internetseite des Weinguts: <a href=\"https:\/\/nittnaus.wine\/\" target=\"_blank\">https:\/\/nittnaus.wine\/<\/a><\/p>\n","protected":false},"excerpt":{"rendered":"<div style=\"font-size: 14px;\">\n<p>Lieferzeit: 1 bis 2 Arbeitstage (DE), 2 bis 5 Arbeitstage (EU und CH)<\/p>\n<p>Ungef\u00e4hrer Energiegehalt pro 125-ml-Glas: 110 kcal<\/p>\n<\/p><\/div>\n","protected":false},"featured_media":1137978,"template":"","meta":[],"product_brand":[],"product_cat":[19],"product_tag":[],"class_list":{"0":"post-1125649","1":"product","2":"type-product","3":"status-publish","4":"has-post-thumbnail","6":"product_cat-unkategorisiert","7":"pa_alcohol-for-filter-13-5","8":"pa_certified-biodynamic-ja-de","9":"pa_certified-organic-ja-de","10":"pa_colour-rot","11":"pa_country-osterreich","12":"pa_grape-blaufraenkisch-cuvee","13":"pa_price-for-filter-10569","14":"pa_producer-nittnaus-anita-hans","15":"pa_region-burgenland-neusiedlersee","16":"pa_size-ml-20258","17":"pa_sweetness-trocken-de","18":"pa_type-2-still-de","19":"pa_vintage-2016-de","20":"entry","21":"has-media","23":"first","24":"instock","25":"taxable","26":"shipping-taxable","27":"purchasable","28":"product-type-simple"},"yoast_head":"<!-- This site is optimized with the Yoast SEO plugin v27.6 - https:\/\/yoast.com\/product\/yoast-seo-wordpress\/ -->\n<title>Nittnaus Anita &amp; Hans Pannobile Rot 2016 1500ml<\/title>\n<meta name=\"description\" content=\"Kaufe Nittnaus Anita &amp; Hans Pannobile Rot 2016 (Blaufr\u00e4nkisch Cuv\u00e9e, trocken aus Burgenland\/Neusiedlersee, \u00d6sterreich) bei Wein Werte, Ihrem nachhaltigen Onlineshop.\" \/>\n<meta name=\"robots\" content=\"index, follow, max-snippet:-1, max-image-preview:large, max-video-preview:-1\" \/>\n<link rel=\"canonical\" href=\"https:\/\/wein-werte.com\/de\/produkt\/nittnaus-anita-und-hans-pannobile-rot-2016-1500ml\/\" \/>\n<meta property=\"og:locale\" content=\"de_DE\" \/>\n<meta property=\"og:type\" content=\"article\" \/>\n<meta property=\"og:title\" content=\"Nittnaus Anita &amp; Hans Pannobile Rot 2016 1500ml\" \/>\n<meta property=\"og:description\" content=\"Kaufe Nittnaus Anita &amp; Hans Pannobile Rot 2016 (Blaufr\u00e4nkisch Cuv\u00e9e, trocken aus Burgenland\/Neusiedlersee, \u00d6sterreich) bei Wein Werte, Ihrem nachhaltigen Onlineshop.\" \/>\n<meta property=\"og:url\" content=\"https:\/\/wein-werte.com\/de\/produkt\/nittnaus-anita-und-hans-pannobile-rot-2016-1500ml\/\" \/>\n<meta property=\"og:site_name\" content=\"Wein Werte\" \/>\n<meta property=\"og:image\" content=\"https:\/\/wein-werte.com\/wp-content\/uploads\/2026\/04\/Nittnaus-Anita-und-Hans-Pannobile-Rot-2016-1500ml.png\" \/>\n\t<meta property=\"og:image:width\" content=\"358\" \/>\n\t<meta property=\"og:image:height\" content=\"1200\" \/>\n\t<meta property=\"og:image:type\" content=\"image\/png\" \/>\n<meta name=\"twitter:card\" content=\"summary_large_image\" \/>\n<meta name=\"twitter:label1\" content=\"Gesch\u00e4tzte Lesezeit\" \/>\n\t<meta name=\"twitter:data1\" content=\"1\u00a0Minute\" \/>\n<script type=\"application\/ld+json\" class=\"yoast-schema-graph\">{\"@context\":\"https:\\\/\\\/schema.org\",\"@graph\":[{\"@type\":\"WebPage\",\"@id\":\"https:\\\/\\\/wein-werte.com\\\/de\\\/produkt\\\/nittnaus-anita-und-hans-pannobile-rot-2016-1500ml\\\/\",\"url\":\"https:\\\/\\\/wein-werte.com\\\/de\\\/produkt\\\/nittnaus-anita-und-hans-pannobile-rot-2016-1500ml\\\/\",\"name\":\"Nittnaus Anita & Hans Pannobile Rot 2016 1500ml\",\"isPartOf\":{\"@id\":\"https:\\\/\\\/wein-werte.com\\\/de\\\/#website\"},\"primaryImageOfPage\":{\"@id\":\"https:\\\/\\\/wein-werte.com\\\/de\\\/produkt\\\/nittnaus-anita-und-hans-pannobile-rot-2016-1500ml\\\/#primaryimage\"},\"image\":{\"@id\":\"https:\\\/\\\/wein-werte.com\\\/de\\\/produkt\\\/nittnaus-anita-und-hans-pannobile-rot-2016-1500ml\\\/#primaryimage\"},\"thumbnailUrl\":\"https:\\\/\\\/wein-werte.com\\\/wp-content\\\/uploads\\\/2026\\\/04\\\/Nittnaus-Anita-und-Hans-Pannobile-Rot-2016-1500ml.png\",\"datePublished\":\"2026-05-17T10:29:38+00:00\",\"description\":\"Kaufe Nittnaus Anita & Hans Pannobile Rot 2016 (Blaufr\u00e4nkisch Cuv\u00e9e, trocken aus Burgenland\\\/Neusiedlersee, \u00d6sterreich) bei Wein Werte, Ihrem nachhaltigen Onlineshop.\",\"breadcrumb\":{\"@id\":\"https:\\\/\\\/wein-werte.com\\\/de\\\/produkt\\\/nittnaus-anita-und-hans-pannobile-rot-2016-1500ml\\\/#breadcrumb\"},\"inLanguage\":\"de\",\"potentialAction\":[{\"@type\":\"ReadAction\",\"target\":[\"https:\\\/\\\/wein-werte.com\\\/de\\\/produkt\\\/nittnaus-anita-und-hans-pannobile-rot-2016-1500ml\\\/\"]}]},{\"@type\":\"ImageObject\",\"inLanguage\":\"de\",\"@id\":\"https:\\\/\\\/wein-werte.com\\\/de\\\/produkt\\\/nittnaus-anita-und-hans-pannobile-rot-2016-1500ml\\\/#primaryimage\",\"url\":\"https:\\\/\\\/wein-werte.com\\\/wp-content\\\/uploads\\\/2026\\\/04\\\/Nittnaus-Anita-und-Hans-Pannobile-Rot-2016-1500ml.png\",\"contentUrl\":\"https:\\\/\\\/wein-werte.com\\\/wp-content\\\/uploads\\\/2026\\\/04\\\/Nittnaus-Anita-und-Hans-Pannobile-Rot-2016-1500ml.png\",\"width\":358,\"height\":1200,\"caption\":\"Nittnaus Anita & Hans Pannobile Rot 2016 1500ml\"},{\"@type\":\"BreadcrumbList\",\"@id\":\"https:\\\/\\\/wein-werte.com\\\/de\\\/produkt\\\/nittnaus-anita-und-hans-pannobile-rot-2016-1500ml\\\/#breadcrumb\",\"itemListElement\":[{\"@type\":\"ListItem\",\"position\":1,\"name\":\"Home\",\"item\":\"https:\\\/\\\/wein-werte.com\\\/de\\\/\"},{\"@type\":\"ListItem\",\"position\":2,\"name\":\"Shop\",\"item\":\"https:\\\/\\\/wein-werte.com\\\/de\\\/shop\\\/\"},{\"@type\":\"ListItem\",\"position\":3,\"name\":\"Nittnaus Anita &#038; Hans | Burgenland\\\/Neusiedlersee | Pannobile Rot | 2016 | 1500ml | bio\"}]},{\"@type\":\"WebSite\",\"@id\":\"https:\\\/\\\/wein-werte.com\\\/de\\\/#website\",\"url\":\"https:\\\/\\\/wein-werte.com\\\/de\\\/\",\"name\":\"Wein Werte\",\"description\":\"\",\"publisher\":{\"@id\":\"https:\\\/\\\/wein-werte.com\\\/de\\\/#organization\"},\"potentialAction\":[{\"@type\":\"SearchAction\",\"target\":{\"@type\":\"EntryPoint\",\"urlTemplate\":\"https:\\\/\\\/wein-werte.com\\\/de\\\/?s={search_term_string}\"},\"query-input\":{\"@type\":\"PropertyValueSpecification\",\"valueRequired\":true,\"valueName\":\"search_term_string\"}}],\"inLanguage\":\"de\"},{\"@type\":\"Organization\",\"@id\":\"https:\\\/\\\/wein-werte.com\\\/de\\\/#organization\",\"name\":\"Vins Fins Thorrold\",\"url\":\"https:\\\/\\\/wein-werte.com\\\/de\\\/\",\"logo\":{\"@type\":\"ImageObject\",\"inLanguage\":\"de\",\"@id\":\"https:\\\/\\\/wein-werte.com\\\/de\\\/#\\\/schema\\\/logo\\\/image\\\/\",\"url\":\"https:\\\/\\\/wein-werte.com\\\/wp-content\\\/uploads\\\/2023\\\/07\\\/Wein_werte_Logo700-1.png\",\"contentUrl\":\"https:\\\/\\\/wein-werte.com\\\/wp-content\\\/uploads\\\/2023\\\/07\\\/Wein_werte_Logo700-1.png\",\"width\":700,\"height\":272,\"caption\":\"Vins Fins Thorrold\"},\"image\":{\"@id\":\"https:\\\/\\\/wein-werte.com\\\/de\\\/#\\\/schema\\\/logo\\\/image\\\/\"}}]}<\/script>\n<!-- \/ Yoast SEO plugin. -->","yoast_head_json":{"title":"Nittnaus Anita & Hans Pannobile Rot 2016 1500ml","description":"Kaufe Nittnaus Anita & Hans Pannobile Rot 2016 (Blaufr\u00e4nkisch Cuv\u00e9e, trocken aus Burgenland\/Neusiedlersee, \u00d6sterreich) bei Wein Werte, Ihrem nachhaltigen Onlineshop.","robots":{"index":"index","follow":"follow","max-snippet":"max-snippet:-1","max-image-preview":"max-image-preview:large","max-video-preview":"max-video-preview:-1"},"canonical":"https:\/\/wein-werte.com\/de\/produkt\/nittnaus-anita-und-hans-pannobile-rot-2016-1500ml\/","og_locale":"de_DE","og_type":"article","og_title":"Nittnaus Anita & Hans Pannobile Rot 2016 1500ml","og_description":"Kaufe Nittnaus Anita & Hans Pannobile Rot 2016 (Blaufr\u00e4nkisch Cuv\u00e9e, trocken aus Burgenland\/Neusiedlersee, \u00d6sterreich) bei Wein Werte, Ihrem nachhaltigen Onlineshop.","og_url":"https:\/\/wein-werte.com\/de\/produkt\/nittnaus-anita-und-hans-pannobile-rot-2016-1500ml\/","og_site_name":"Wein Werte","og_image":[{"width":358,"height":1200,"url":"https:\/\/wein-werte.com\/wp-content\/uploads\/2026\/04\/Nittnaus-Anita-und-Hans-Pannobile-Rot-2016-1500ml.png","type":"image\/png"}],"twitter_card":"summary_large_image","twitter_misc":{"Gesch\u00e4tzte Lesezeit":"1\u00a0Minute"},"schema":{"@context":"https:\/\/schema.org","@graph":[{"@type":"WebPage","@id":"https:\/\/wein-werte.com\/de\/produkt\/nittnaus-anita-und-hans-pannobile-rot-2016-1500ml\/","url":"https:\/\/wein-werte.com\/de\/produkt\/nittnaus-anita-und-hans-pannobile-rot-2016-1500ml\/","name":"Nittnaus Anita & Hans Pannobile Rot 2016 1500ml","isPartOf":{"@id":"https:\/\/wein-werte.com\/de\/#website"},"primaryImageOfPage":{"@id":"https:\/\/wein-werte.com\/de\/produkt\/nittnaus-anita-und-hans-pannobile-rot-2016-1500ml\/#primaryimage"},"image":{"@id":"https:\/\/wein-werte.com\/de\/produkt\/nittnaus-anita-und-hans-pannobile-rot-2016-1500ml\/#primaryimage"},"thumbnailUrl":"https:\/\/wein-werte.com\/wp-content\/uploads\/2026\/04\/Nittnaus-Anita-und-Hans-Pannobile-Rot-2016-1500ml.png","datePublished":"2026-05-17T10:29:38+00:00","description":"Kaufe Nittnaus Anita & Hans Pannobile Rot 2016 (Blaufr\u00e4nkisch Cuv\u00e9e, trocken aus Burgenland\/Neusiedlersee, \u00d6sterreich) bei Wein Werte, Ihrem nachhaltigen Onlineshop.","breadcrumb":{"@id":"https:\/\/wein-werte.com\/de\/produkt\/nittnaus-anita-und-hans-pannobile-rot-2016-1500ml\/#breadcrumb"},"inLanguage":"de","potentialAction":[{"@type":"ReadAction","target":["https:\/\/wein-werte.com\/de\/produkt\/nittnaus-anita-und-hans-pannobile-rot-2016-1500ml\/"]}]},{"@type":"ImageObject","inLanguage":"de","@id":"https:\/\/wein-werte.com\/de\/produkt\/nittnaus-anita-und-hans-pannobile-rot-2016-1500ml\/#primaryimage","url":"https:\/\/wein-werte.com\/wp-content\/uploads\/2026\/04\/Nittnaus-Anita-und-Hans-Pannobile-Rot-2016-1500ml.png","contentUrl":"https:\/\/wein-werte.com\/wp-content\/uploads\/2026\/04\/Nittnaus-Anita-und-Hans-Pannobile-Rot-2016-1500ml.png","width":358,"height":1200,"caption":"Nittnaus Anita & Hans Pannobile Rot 2016 1500ml"},{"@type":"BreadcrumbList","@id":"https:\/\/wein-werte.com\/de\/produkt\/nittnaus-anita-und-hans-pannobile-rot-2016-1500ml\/#breadcrumb","itemListElement":[{"@type":"ListItem","position":1,"name":"Home","item":"https:\/\/wein-werte.com\/de\/"},{"@type":"ListItem","position":2,"name":"Shop","item":"https:\/\/wein-werte.com\/de\/shop\/"},{"@type":"ListItem","position":3,"name":"Nittnaus Anita &#038; Hans | Burgenland\/Neusiedlersee | Pannobile Rot | 2016 | 1500ml | bio"}]},{"@type":"WebSite","@id":"https:\/\/wein-werte.com\/de\/#website","url":"https:\/\/wein-werte.com\/de\/","name":"Wein Werte","description":"","publisher":{"@id":"https:\/\/wein-werte.com\/de\/#organization"},"potentialAction":[{"@type":"SearchAction","target":{"@type":"EntryPoint","urlTemplate":"https:\/\/wein-werte.com\/de\/?s={search_term_string}"},"query-input":{"@type":"PropertyValueSpecification","valueRequired":true,"valueName":"search_term_string"}}],"inLanguage":"de"},{"@type":"Organization","@id":"https:\/\/wein-werte.com\/de\/#organization","name":"Vins Fins Thorrold","url":"https:\/\/wein-werte.com\/de\/","logo":{"@type":"ImageObject","inLanguage":"de","@id":"https:\/\/wein-werte.com\/de\/#\/schema\/logo\/image\/","url":"https:\/\/wein-werte.com\/wp-content\/uploads\/2023\/07\/Wein_werte_Logo700-1.png","contentUrl":"https:\/\/wein-werte.com\/wp-content\/uploads\/2023\/07\/Wein_werte_Logo700-1.png","width":700,"height":272,"caption":"Vins Fins Thorrold"},"image":{"@id":"https:\/\/wein-werte.com\/de\/#\/schema\/logo\/image\/"}}]}},"_links":{"self":[{"href":"https:\/\/wein-werte.com\/de\/wp-json\/wp\/v2\/product\/1125649","targetHints":{"allow":["GET"]}}],"collection":[{"href":"https:\/\/wein-werte.com\/de\/wp-json\/wp\/v2\/product"}],"about":[{"href":"https:\/\/wein-werte.com\/de\/wp-json\/wp\/v2\/types\/product"}],"wp:featuredmedia":[{"embeddable":true,"href":"https:\/\/wein-werte.com\/de\/wp-json\/wp\/v2\/media\/1137978"}],"wp:attachment":[{"href":"https:\/\/wein-werte.com\/de\/wp-json\/wp\/v2\/media?parent=1125649"}],"wp:term":[{"taxonomy":"product_brand","embeddable":true,"href":"https:\/\/wein-werte.com\/de\/wp-json\/wp\/v2\/product_brand?post=1125649"},{"taxonomy":"product_cat","embeddable":true,"href":"https:\/\/wein-werte.com\/de\/wp-json\/wp\/v2\/product_cat?post=1125649"},{"taxonomy":"product_tag","embeddable":true,"href":"https:\/\/wein-werte.com\/de\/wp-json\/wp\/v2\/product_tag?post=1125649"}],"curies":[{"name":"wp","href":"https:\/\/api.w.org\/{rel}","templated":true}]}}