{"id":1125595,"date":"2026-04-27T12:17:13","date_gmt":"2026-04-27T10:17:13","guid":{"rendered":"https:\/\/wein-werte.com\/product\/fritsch-gruner-veltliner-schlossberg-2020-1500ml\/"},"modified":"2026-04-27T11:37:58","modified_gmt":"2026-04-27T09:37:58","slug":"fritsch-gruner-veltliner-schlossberg-2020-1500ml","status":"publish","type":"product","link":"https:\/\/wein-werte.com\/de\/produkt\/fritsch-gruner-veltliner-schlossberg-2020-1500ml\/","title":{"rendered":"Fritsch | Wagram | Gr\u00fcner Veltliner Schlossberg 1.\u00d6TW | 2020 | 1500ml | bio"},"content":{"rendered":"<p>Produktbeschreibung f\u00fcr Fritsch Gr\u00fcner Veltliner Schlossberg 1.\u00d6TW 2020 (bio)<\/p>\n<h5> Info zur Lage<\/h5>\n<p>Die Weing\u00e4rten um das ehemalige Schloss Winkelberg sind nach S\u00fcden geneigt und befinden sich auf einem Plateau hinter der Wagramkante. Unter der m\u00e4chtigen fruchtbaren L\u00f6ssdecke liegen kaltzeitliche Terrassenschotter der Donau und wiederum darunter tonig-schluffige, mioz\u00e4ne Meeressedimente mit Sandpaketen, die auf periodische Sturmereignisse hinweisen. <\/p>\n<h5>Info zum Ausbau<\/h5>\n<p>Die Trauben wurden von Hand gelesen und 2 Monate spontan im gebrauchten 2000 l Holzfass vergoren. <\/p>\n<h5> Farbe<\/h5>\n<p> Funkelndes, intensives Goldgelb. <\/p>\n<h5>Nase<\/h5>\n<p> Der 2020er Gr\u00fcner Veltliner Ried Schlossberg 1.\u00d6TW zeigt sich mit kraftvoller, saftiger Frucht und viel W\u00fcrze in der Nase. Der Duft von getrockneten Aprikosen, Mango und Orange vereint sich mit fulminantem Bl\u00fctenduft und exotischen Gew\u00fcrzen wie Zimt und Kardamom. Ummantelt ist das Ganze von einer erdigen und steinigen Tiefe, die auf sein Wahnsinns-Entwicklungspotential verweist. <\/p>\n<h5>Gaumen<\/h5>\n<p> Am Gaumen wirkt er straff und fordernd. Die s\u00fc\u00dflich anmutende Frucht wird begleitet von einer wundersch\u00f6n anregenden S\u00e4ure und deutlichen salzigen Noten. Getragen von der w\u00fcrzigen Note der Nase und einer pikanten Gerbstoffstruktur haben wir es hier mit einem wundersch\u00f6nen Langstreckenl\u00e4ufer zu tun, der mit etwas Reife noch zus\u00e4tzlich gewinnen kann. Zum jetzigen Zeitpunkt unbedingt dekantieren.<\/p>\n<p>Copyright Vinaturel 2025<\/p>\n<p>Keywords: <a href=\"https:\/\/wein-werte.com\/de\/shop\/?swoof=1&#038;pa_producer=Fritsch\">Fritsch<\/a> <a href=\"https:\/\/wein-werte.com\/de\/shop\/?swoof=1&#038;woof_text=Gr\u00fcner Veltliner Schlossberg 1.\u00d6TW\">Gr\u00fcner Veltliner Schlossberg 1.\u00d6TW<\/a> 2020 bio <a href=\"https:\/\/wein-werte.com\/de\/shop\/?swoof=1&#038;pa_region=Wagram\">Wagram<\/a> <a href=\"https:\/\/wein-werte.com\/de\/shop\/?swoof=1&#038;pa_country=\u00d6sterreich\">\u00d6sterreich<\/a><\/p>\n<h3>Wine Advocate<\/h3>\n<p>Punkte: 93<\/p>\n<p>Der Oberstockstall 2020 Ried Schlossberg 1\u00d6TW Gr\u00fcner Veltliner bietet eine klare, tiefe, raffinierte und sehr elegante, pr\u00e4zise und steinige Nase mit reifen, aber feinen Fruchtaromen und zarter W\u00fcrze. Am Gaumen \u00fcppig und hochelegant, pr\u00e4sentiert sich dieser gehaltvolle, aber perfekt ausgewogene und zugleich sanfte und lebendige Veltliner mit einem intensiven, fein gespannten und anregend salzigen Abgang. Ausgezeichnet \u2013 und wie geschaffen f\u00fcr die lange Reise. Verkostet in Grafenegg, September 2021.<br \/>Stephan Reinhardt<\/p>\n<p>Internetseite des Weinguts: <a href=\"https:\/\/www.fritsch.cc\/?lang=en\" target=\"_blank\">https:\/\/www.fritsch.cc\/?lang=en<\/a><\/p>\n","protected":false},"excerpt":{"rendered":"<p>Lieferzeit: 1 bis 2 Arbeitstage (DE), 2 bis 5 Arbeitstage (EU and CH)<\/p>\n","protected":false},"featured_media":1137936,"template":"","meta":[],"product_brand":[],"product_cat":[19],"product_tag":[],"class_list":{"0":"post-1125595","1":"product","2":"type-product","3":"status-publish","4":"has-post-thumbnail","6":"product_cat-unkategorisiert","7":"pa_alcohol-for-filter-12-5","8":"pa_certified-biodynamic-ja-de","9":"pa_certified-organic-ja-de","10":"pa_colour-weiss","11":"pa_country-osterreich","12":"pa_grape-gruner-veltliner","13":"pa_parker-points-for-filter-93-de-2","14":"pa_price-for-filter-10597","15":"pa_producer-fritsch","16":"pa_region-wagram","17":"pa_size-ml-6657","18":"pa_sweetness-trocken-de","19":"pa_type-2-still-de","20":"pa_vintage-2020-de","21":"entry","22":"has-media","24":"first","25":"instock","26":"taxable","27":"shipping-taxable","28":"purchasable","29":"product-type-simple"},"yoast_head":"<!-- This site is optimized with the Yoast SEO plugin v27.5 - https:\/\/yoast.com\/product\/yoast-seo-wordpress\/ -->\n<title>Fritsch Gr\u00fcner Veltliner Schlossberg 2020, 1500ml<\/title>\n<meta name=\"description\" content=\"Kaufe Fritsch Gr\u00fcner Veltliner Schlossberg 2020 (Gr\u00fcner Veltliner, trocken aus Wagram, \u00d6sterreich) bei Wein Werte, Ihrem nachhaltigen Onlineshop.\" \/>\n<meta name=\"robots\" content=\"index, follow, max-snippet:-1, max-image-preview:large, max-video-preview:-1\" \/>\n<link rel=\"canonical\" href=\"https:\/\/wein-werte.com\/de\/produkt\/fritsch-gruner-veltliner-schlossberg-2020-1500ml\/\" \/>\n<meta property=\"og:locale\" content=\"de_DE\" \/>\n<meta property=\"og:type\" content=\"article\" \/>\n<meta property=\"og:title\" content=\"Fritsch Gr\u00fcner Veltliner Schlossberg 2020, 1500ml\" \/>\n<meta property=\"og:description\" content=\"Kaufe Fritsch Gr\u00fcner Veltliner Schlossberg 2020 (Gr\u00fcner Veltliner, trocken aus Wagram, \u00d6sterreich) bei Wein Werte, Ihrem nachhaltigen Onlineshop.\" \/>\n<meta property=\"og:url\" content=\"https:\/\/wein-werte.com\/de\/produkt\/fritsch-gruner-veltliner-schlossberg-2020-1500ml\/\" \/>\n<meta property=\"og:site_name\" content=\"Wein Werte\" \/>\n<meta property=\"og:image\" content=\"https:\/\/wein-werte.com\/wp-content\/uploads\/2026\/04\/Fritsch-Gruner-Veltliner-Schlossberg-2020-1500ml.png\" \/>\n\t<meta property=\"og:image:width\" content=\"275\" \/>\n\t<meta property=\"og:image:height\" content=\"1200\" \/>\n\t<meta property=\"og:image:type\" content=\"image\/png\" \/>\n<meta name=\"twitter:card\" content=\"summary_large_image\" \/>\n<meta name=\"twitter:label1\" content=\"Gesch\u00e4tzte Lesezeit\" \/>\n\t<meta name=\"twitter:data1\" content=\"1\u00a0Minute\" \/>\n<script type=\"application\/ld+json\" class=\"yoast-schema-graph\">{\"@context\":\"https:\\\/\\\/schema.org\",\"@graph\":[{\"@type\":\"WebPage\",\"@id\":\"https:\\\/\\\/wein-werte.com\\\/de\\\/produkt\\\/fritsch-gruner-veltliner-schlossberg-2020-1500ml\\\/\",\"url\":\"https:\\\/\\\/wein-werte.com\\\/de\\\/produkt\\\/fritsch-gruner-veltliner-schlossberg-2020-1500ml\\\/\",\"name\":\"Fritsch Gr\u00fcner Veltliner Schlossberg 2020, 1500ml\",\"isPartOf\":{\"@id\":\"https:\\\/\\\/wein-werte.com\\\/de\\\/#website\"},\"primaryImageOfPage\":{\"@id\":\"https:\\\/\\\/wein-werte.com\\\/de\\\/produkt\\\/fritsch-gruner-veltliner-schlossberg-2020-1500ml\\\/#primaryimage\"},\"image\":{\"@id\":\"https:\\\/\\\/wein-werte.com\\\/de\\\/produkt\\\/fritsch-gruner-veltliner-schlossberg-2020-1500ml\\\/#primaryimage\"},\"thumbnailUrl\":\"https:\\\/\\\/wein-werte.com\\\/wp-content\\\/uploads\\\/2026\\\/04\\\/Fritsch-Gruner-Veltliner-Schlossberg-2020-1500ml.png\",\"datePublished\":\"2026-04-27T10:17:13+00:00\",\"description\":\"Kaufe Fritsch Gr\u00fcner Veltliner Schlossberg 2020 (Gr\u00fcner Veltliner, trocken aus Wagram, \u00d6sterreich) bei Wein Werte, Ihrem nachhaltigen Onlineshop.\",\"breadcrumb\":{\"@id\":\"https:\\\/\\\/wein-werte.com\\\/de\\\/produkt\\\/fritsch-gruner-veltliner-schlossberg-2020-1500ml\\\/#breadcrumb\"},\"inLanguage\":\"de\",\"potentialAction\":[{\"@type\":\"ReadAction\",\"target\":[\"https:\\\/\\\/wein-werte.com\\\/de\\\/produkt\\\/fritsch-gruner-veltliner-schlossberg-2020-1500ml\\\/\"]}]},{\"@type\":\"ImageObject\",\"inLanguage\":\"de\",\"@id\":\"https:\\\/\\\/wein-werte.com\\\/de\\\/produkt\\\/fritsch-gruner-veltliner-schlossberg-2020-1500ml\\\/#primaryimage\",\"url\":\"https:\\\/\\\/wein-werte.com\\\/wp-content\\\/uploads\\\/2026\\\/04\\\/Fritsch-Gruner-Veltliner-Schlossberg-2020-1500ml.png\",\"contentUrl\":\"https:\\\/\\\/wein-werte.com\\\/wp-content\\\/uploads\\\/2026\\\/04\\\/Fritsch-Gruner-Veltliner-Schlossberg-2020-1500ml.png\",\"width\":275,\"height\":1200,\"caption\":\"Fritsch Gr\u00fcner Veltliner Schlossberg 1.\u00d6TW 2020 1500ml\"},{\"@type\":\"BreadcrumbList\",\"@id\":\"https:\\\/\\\/wein-werte.com\\\/de\\\/produkt\\\/fritsch-gruner-veltliner-schlossberg-2020-1500ml\\\/#breadcrumb\",\"itemListElement\":[{\"@type\":\"ListItem\",\"position\":1,\"name\":\"Home\",\"item\":\"https:\\\/\\\/wein-werte.com\\\/de\\\/\"},{\"@type\":\"ListItem\",\"position\":2,\"name\":\"Shop\",\"item\":\"https:\\\/\\\/wein-werte.com\\\/de\\\/shop\\\/\"},{\"@type\":\"ListItem\",\"position\":3,\"name\":\"Fritsch | Wagram | Gr\u00fcner Veltliner Schlossberg 1.\u00d6TW | 2020 | 1500ml | bio\"}]},{\"@type\":\"WebSite\",\"@id\":\"https:\\\/\\\/wein-werte.com\\\/de\\\/#website\",\"url\":\"https:\\\/\\\/wein-werte.com\\\/de\\\/\",\"name\":\"Wein Werte\",\"description\":\"\",\"publisher\":{\"@id\":\"https:\\\/\\\/wein-werte.com\\\/de\\\/#organization\"},\"potentialAction\":[{\"@type\":\"SearchAction\",\"target\":{\"@type\":\"EntryPoint\",\"urlTemplate\":\"https:\\\/\\\/wein-werte.com\\\/de\\\/?s={search_term_string}\"},\"query-input\":{\"@type\":\"PropertyValueSpecification\",\"valueRequired\":true,\"valueName\":\"search_term_string\"}}],\"inLanguage\":\"de\"},{\"@type\":\"Organization\",\"@id\":\"https:\\\/\\\/wein-werte.com\\\/de\\\/#organization\",\"name\":\"Vins Fins Thorrold\",\"url\":\"https:\\\/\\\/wein-werte.com\\\/de\\\/\",\"logo\":{\"@type\":\"ImageObject\",\"inLanguage\":\"de\",\"@id\":\"https:\\\/\\\/wein-werte.com\\\/de\\\/#\\\/schema\\\/logo\\\/image\\\/\",\"url\":\"https:\\\/\\\/wein-werte.com\\\/wp-content\\\/uploads\\\/2023\\\/07\\\/Wein_werte_Logo700-1.png\",\"contentUrl\":\"https:\\\/\\\/wein-werte.com\\\/wp-content\\\/uploads\\\/2023\\\/07\\\/Wein_werte_Logo700-1.png\",\"width\":700,\"height\":272,\"caption\":\"Vins Fins Thorrold\"},\"image\":{\"@id\":\"https:\\\/\\\/wein-werte.com\\\/de\\\/#\\\/schema\\\/logo\\\/image\\\/\"}}]}<\/script>\n<!-- \/ Yoast SEO plugin. -->","yoast_head_json":{"title":"Fritsch Gr\u00fcner Veltliner Schlossberg 2020, 1500ml","description":"Kaufe Fritsch Gr\u00fcner Veltliner Schlossberg 2020 (Gr\u00fcner Veltliner, trocken aus Wagram, \u00d6sterreich) bei Wein Werte, Ihrem nachhaltigen Onlineshop.","robots":{"index":"index","follow":"follow","max-snippet":"max-snippet:-1","max-image-preview":"max-image-preview:large","max-video-preview":"max-video-preview:-1"},"canonical":"https:\/\/wein-werte.com\/de\/produkt\/fritsch-gruner-veltliner-schlossberg-2020-1500ml\/","og_locale":"de_DE","og_type":"article","og_title":"Fritsch Gr\u00fcner Veltliner Schlossberg 2020, 1500ml","og_description":"Kaufe Fritsch Gr\u00fcner Veltliner Schlossberg 2020 (Gr\u00fcner Veltliner, trocken aus Wagram, \u00d6sterreich) bei Wein Werte, Ihrem nachhaltigen Onlineshop.","og_url":"https:\/\/wein-werte.com\/de\/produkt\/fritsch-gruner-veltliner-schlossberg-2020-1500ml\/","og_site_name":"Wein Werte","og_image":[{"width":275,"height":1200,"url":"https:\/\/wein-werte.com\/wp-content\/uploads\/2026\/04\/Fritsch-Gruner-Veltliner-Schlossberg-2020-1500ml.png","type":"image\/png"}],"twitter_card":"summary_large_image","twitter_misc":{"Gesch\u00e4tzte Lesezeit":"1\u00a0Minute"},"schema":{"@context":"https:\/\/schema.org","@graph":[{"@type":"WebPage","@id":"https:\/\/wein-werte.com\/de\/produkt\/fritsch-gruner-veltliner-schlossberg-2020-1500ml\/","url":"https:\/\/wein-werte.com\/de\/produkt\/fritsch-gruner-veltliner-schlossberg-2020-1500ml\/","name":"Fritsch Gr\u00fcner Veltliner Schlossberg 2020, 1500ml","isPartOf":{"@id":"https:\/\/wein-werte.com\/de\/#website"},"primaryImageOfPage":{"@id":"https:\/\/wein-werte.com\/de\/produkt\/fritsch-gruner-veltliner-schlossberg-2020-1500ml\/#primaryimage"},"image":{"@id":"https:\/\/wein-werte.com\/de\/produkt\/fritsch-gruner-veltliner-schlossberg-2020-1500ml\/#primaryimage"},"thumbnailUrl":"https:\/\/wein-werte.com\/wp-content\/uploads\/2026\/04\/Fritsch-Gruner-Veltliner-Schlossberg-2020-1500ml.png","datePublished":"2026-04-27T10:17:13+00:00","description":"Kaufe Fritsch Gr\u00fcner Veltliner Schlossberg 2020 (Gr\u00fcner Veltliner, trocken aus Wagram, \u00d6sterreich) bei Wein Werte, Ihrem nachhaltigen Onlineshop.","breadcrumb":{"@id":"https:\/\/wein-werte.com\/de\/produkt\/fritsch-gruner-veltliner-schlossberg-2020-1500ml\/#breadcrumb"},"inLanguage":"de","potentialAction":[{"@type":"ReadAction","target":["https:\/\/wein-werte.com\/de\/produkt\/fritsch-gruner-veltliner-schlossberg-2020-1500ml\/"]}]},{"@type":"ImageObject","inLanguage":"de","@id":"https:\/\/wein-werte.com\/de\/produkt\/fritsch-gruner-veltliner-schlossberg-2020-1500ml\/#primaryimage","url":"https:\/\/wein-werte.com\/wp-content\/uploads\/2026\/04\/Fritsch-Gruner-Veltliner-Schlossberg-2020-1500ml.png","contentUrl":"https:\/\/wein-werte.com\/wp-content\/uploads\/2026\/04\/Fritsch-Gruner-Veltliner-Schlossberg-2020-1500ml.png","width":275,"height":1200,"caption":"Fritsch Gr\u00fcner Veltliner Schlossberg 1.\u00d6TW 2020 1500ml"},{"@type":"BreadcrumbList","@id":"https:\/\/wein-werte.com\/de\/produkt\/fritsch-gruner-veltliner-schlossberg-2020-1500ml\/#breadcrumb","itemListElement":[{"@type":"ListItem","position":1,"name":"Home","item":"https:\/\/wein-werte.com\/de\/"},{"@type":"ListItem","position":2,"name":"Shop","item":"https:\/\/wein-werte.com\/de\/shop\/"},{"@type":"ListItem","position":3,"name":"Fritsch | Wagram | Gr\u00fcner Veltliner Schlossberg 1.\u00d6TW | 2020 | 1500ml | bio"}]},{"@type":"WebSite","@id":"https:\/\/wein-werte.com\/de\/#website","url":"https:\/\/wein-werte.com\/de\/","name":"Wein Werte","description":"","publisher":{"@id":"https:\/\/wein-werte.com\/de\/#organization"},"potentialAction":[{"@type":"SearchAction","target":{"@type":"EntryPoint","urlTemplate":"https:\/\/wein-werte.com\/de\/?s={search_term_string}"},"query-input":{"@type":"PropertyValueSpecification","valueRequired":true,"valueName":"search_term_string"}}],"inLanguage":"de"},{"@type":"Organization","@id":"https:\/\/wein-werte.com\/de\/#organization","name":"Vins Fins Thorrold","url":"https:\/\/wein-werte.com\/de\/","logo":{"@type":"ImageObject","inLanguage":"de","@id":"https:\/\/wein-werte.com\/de\/#\/schema\/logo\/image\/","url":"https:\/\/wein-werte.com\/wp-content\/uploads\/2023\/07\/Wein_werte_Logo700-1.png","contentUrl":"https:\/\/wein-werte.com\/wp-content\/uploads\/2023\/07\/Wein_werte_Logo700-1.png","width":700,"height":272,"caption":"Vins Fins Thorrold"},"image":{"@id":"https:\/\/wein-werte.com\/de\/#\/schema\/logo\/image\/"}}]}},"_links":{"self":[{"href":"https:\/\/wein-werte.com\/de\/wp-json\/wp\/v2\/product\/1125595","targetHints":{"allow":["GET"]}}],"collection":[{"href":"https:\/\/wein-werte.com\/de\/wp-json\/wp\/v2\/product"}],"about":[{"href":"https:\/\/wein-werte.com\/de\/wp-json\/wp\/v2\/types\/product"}],"wp:featuredmedia":[{"embeddable":true,"href":"https:\/\/wein-werte.com\/de\/wp-json\/wp\/v2\/media\/1137936"}],"wp:attachment":[{"href":"https:\/\/wein-werte.com\/de\/wp-json\/wp\/v2\/media?parent=1125595"}],"wp:term":[{"taxonomy":"product_brand","embeddable":true,"href":"https:\/\/wein-werte.com\/de\/wp-json\/wp\/v2\/product_brand?post=1125595"},{"taxonomy":"product_cat","embeddable":true,"href":"https:\/\/wein-werte.com\/de\/wp-json\/wp\/v2\/product_cat?post=1125595"},{"taxonomy":"product_tag","embeddable":true,"href":"https:\/\/wein-werte.com\/de\/wp-json\/wp\/v2\/product_tag?post=1125595"}],"curies":[{"name":"wp","href":"https:\/\/api.w.org\/{rel}","templated":true}]}}