{"id":1125560,"date":"2026-04-27T12:17:08","date_gmt":"2026-04-27T10:17:08","guid":{"rendered":"https:\/\/wein-werte.com\/product\/meinklang-graupert-grauburgunder-2022-750ml\/"},"modified":"2026-04-27T11:37:54","modified_gmt":"2026-04-27T09:37:54","slug":"meinklang-graupert-grauburgunder-2022-750ml","status":"publish","type":"product","link":"https:\/\/wein-werte.com\/de\/produkt\/meinklang-graupert-grauburgunder-2022-750ml\/","title":{"rendered":"Meinklang | Burgenland\/Neusiedlersee | Graupert Grauburgunder | 2022 | 750ml | bio"},"content":{"rendered":"<p>Produktbeschreibung f\u00fcr Meinklang Graupert Grauburgunder 2022 (bio)<\/p>\n<h5>Info zum Wein<\/h5>\n<p>\u201eGraupert\u201c<br \/>\nhei\u00dft im burgenl\u00e4ndischen Dialekt \u201ewild ungek\u00e4mmt\u201c, wie der Weinberg, in dem er<br \/>\nv\u00f6llig ungeschnitten in Freiheit w\u00e4chst. Der Wein wurde l\u00e4nger auf der Maische<br \/>\nvergoren, puristisch vinifiziert und unfiltriert gef\u00fcllt.<\/p>\n<h5>Farbe<\/h5>\n<p>Was f\u00fcr eine Farbe! Lachsrosa, mit orangenen Reflexen und silbrigen Aufhellungen zum Rand hin.\u00a0\u00a0<\/p>\n<h5>Nase<\/h5>\n<p>Die Nase des Graupert ist schwer zu fassen, der spannende Wein passt Gott-sei-Dank in keine Schublade. Seine Aromatik ist unglaublich vielschichtig und wandelt sich st\u00e4ndig. Aromen von saftigen \u00c4pfeln, rosa Grapefruit, Passionsfrucht, Rhabarber und duftigen Bl\u00fcten wirken fast schwebend. Begleitet wird der fruchtige Eindruck von Kr\u00e4uternoten und etwas Vanille, aber auch von zarten Nuancen, die an Cassisblatt, Waldhonig und frischen Ingwer erinnern. Er wirkt rein und pur und weckt unmittelbar das Verlangen ihn zu kosten und sich l\u00e4nger mit ihm zu besch\u00e4ftigen.\u00a0<h5Gaumen<\/h5>\n<p>Am Gaumen zeigt er sich ebenso rein wie in der Nase mit saftiger Frucht. Seine S\u00e4ure wirkt belebend und die feinen Gerbstoffnoten verleihen ihm Komplexit\u00e4t. Durch den salzigen Umami-Anstrich wirkt er so anregend und zugleich fokussiert, dass man ihn mit Freude zu einer Vielfalt von Speisen kombinieren m\u00f6chte.<br \/>\nDekantieren l\u00e4sst ihn gewinnen!<br \/>\nFreude zu einer Vielfalt von Speisen kombinieren m\u00f6chte.<\/p>\n<p>Dekantieren<br \/>\nl\u00e4sst ihn gewinnen!<\/p>\n<p>Copyright Vinaturel 2025<\/p>\n<p>Keywords: <a href=\"https:\/\/wein-werte.com\/de\/shop\/?swoof=1&#038;pa_producer=Meinklang\">Meinklang<\/a> <a href=\"https:\/\/wein-werte.com\/de\/shop\/?swoof=1&#038;woof_text=Graupert Grauburgunder\">Graupert Grauburgunder<\/a> 2022 bio <a href=\"https:\/\/wein-werte.com\/de\/shop\/?swoof=1&#038;pa_region=Burgenland\/Neusiedlersee\">Burgenland\/Neusiedlersee<\/a> <a href=\"https:\/\/wein-werte.com\/de\/shop\/?swoof=1&#038;pa_country=\u00d6sterreich\">\u00d6sterreich<\/a><\/p>\n<p>Internetseite des Weinguts: <a href=\"https:\/\/meinklang.at\/en\/beginn-2\/\" target=\"_blank\">https:\/\/meinklang.at\/en\/beginn-2\/<\/a><\/p>\n","protected":false},"excerpt":{"rendered":"<p>Lieferzeit: 1 bis 2 Arbeitstage (DE), 2 bis 5 Arbeitstage (EU and CH)<\/p>\n","protected":false},"featured_media":1137910,"template":"","meta":[],"product_brand":[],"product_cat":[19],"product_tag":[],"class_list":{"0":"post-1125560","1":"product","2":"type-product","3":"status-publish","4":"has-post-thumbnail","6":"product_cat-unkategorisiert","7":"pa_alcohol-for-filter-12-5","8":"pa_certified-biodynamic-ja-de","9":"pa_certified-organic-ja-de","10":"pa_colour-orange-de","11":"pa_country-osterreich","12":"pa_grape-pinot-gris-grauburgunder","13":"pa_price-for-filter-10575","14":"pa_producer-meinklang","15":"pa_region-burgenland-neusiedlersee","16":"pa_size-ml-6584","17":"pa_sweetness-trocken-de","18":"pa_type-2-still-de","19":"pa_vintage-2022-de","20":"entry","21":"has-media","23":"first","24":"instock","25":"taxable","26":"shipping-taxable","27":"purchasable","28":"product-type-simple"},"yoast_head":"<!-- This site is optimized with the Yoast SEO plugin v27.5 - https:\/\/yoast.com\/product\/yoast-seo-wordpress\/ -->\n<title>Meinklang Graupert Grauburgunder 2022<\/title>\n<meta name=\"description\" content=\"Kaufe Meinklang Graupert Grauburgunder 2022 (Pinot Gris, trocken Orange Wein aus Burgenland\/Neusiedlersee, \u00d6sterreich) bei Wein Werte, Ihrem nachhaltigen Onlineshop.\" \/>\n<meta name=\"robots\" content=\"index, follow, max-snippet:-1, max-image-preview:large, max-video-preview:-1\" \/>\n<link rel=\"canonical\" href=\"https:\/\/wein-werte.com\/de\/produkt\/meinklang-graupert-grauburgunder-2022-750ml\/\" \/>\n<meta property=\"og:locale\" content=\"de_DE\" \/>\n<meta property=\"og:type\" content=\"article\" \/>\n<meta property=\"og:title\" content=\"Meinklang Graupert Grauburgunder 2022\" \/>\n<meta property=\"og:description\" content=\"Kaufe Meinklang Graupert Grauburgunder 2022 (Pinot Gris, trocken Orange Wein aus Burgenland\/Neusiedlersee, \u00d6sterreich) bei Wein Werte, Ihrem nachhaltigen Onlineshop.\" \/>\n<meta property=\"og:url\" content=\"https:\/\/wein-werte.com\/de\/produkt\/meinklang-graupert-grauburgunder-2022-750ml\/\" \/>\n<meta property=\"og:site_name\" content=\"Wein Werte\" \/>\n<meta property=\"og:image\" content=\"https:\/\/wein-werte.com\/wp-content\/uploads\/2026\/04\/Meinklang-Graupert-Grauburgunder-2022-750ml.png\" \/>\n\t<meta property=\"og:image:width\" content=\"400\" \/>\n\t<meta property=\"og:image:height\" content=\"952\" \/>\n\t<meta property=\"og:image:type\" content=\"image\/png\" \/>\n<meta name=\"twitter:card\" content=\"summary_large_image\" \/>\n<meta name=\"twitter:label1\" content=\"Gesch\u00e4tzte Lesezeit\" \/>\n\t<meta name=\"twitter:data1\" content=\"1\u00a0Minute\" \/>\n<script type=\"application\/ld+json\" class=\"yoast-schema-graph\">{\"@context\":\"https:\\\/\\\/schema.org\",\"@graph\":[{\"@type\":\"WebPage\",\"@id\":\"https:\\\/\\\/wein-werte.com\\\/de\\\/produkt\\\/meinklang-graupert-grauburgunder-2022-750ml\\\/\",\"url\":\"https:\\\/\\\/wein-werte.com\\\/de\\\/produkt\\\/meinklang-graupert-grauburgunder-2022-750ml\\\/\",\"name\":\"Meinklang Graupert Grauburgunder 2022\",\"isPartOf\":{\"@id\":\"https:\\\/\\\/wein-werte.com\\\/de\\\/#website\"},\"primaryImageOfPage\":{\"@id\":\"https:\\\/\\\/wein-werte.com\\\/de\\\/produkt\\\/meinklang-graupert-grauburgunder-2022-750ml\\\/#primaryimage\"},\"image\":{\"@id\":\"https:\\\/\\\/wein-werte.com\\\/de\\\/produkt\\\/meinklang-graupert-grauburgunder-2022-750ml\\\/#primaryimage\"},\"thumbnailUrl\":\"https:\\\/\\\/wein-werte.com\\\/wp-content\\\/uploads\\\/2026\\\/04\\\/Meinklang-Graupert-Grauburgunder-2022-750ml.png\",\"datePublished\":\"2026-04-27T10:17:08+00:00\",\"description\":\"Kaufe Meinklang Graupert Grauburgunder 2022 (Pinot Gris, trocken Orange Wein aus Burgenland\\\/Neusiedlersee, \u00d6sterreich) bei Wein Werte, Ihrem nachhaltigen Onlineshop.\",\"breadcrumb\":{\"@id\":\"https:\\\/\\\/wein-werte.com\\\/de\\\/produkt\\\/meinklang-graupert-grauburgunder-2022-750ml\\\/#breadcrumb\"},\"inLanguage\":\"de\",\"potentialAction\":[{\"@type\":\"ReadAction\",\"target\":[\"https:\\\/\\\/wein-werte.com\\\/de\\\/produkt\\\/meinklang-graupert-grauburgunder-2022-750ml\\\/\"]}]},{\"@type\":\"ImageObject\",\"inLanguage\":\"de\",\"@id\":\"https:\\\/\\\/wein-werte.com\\\/de\\\/produkt\\\/meinklang-graupert-grauburgunder-2022-750ml\\\/#primaryimage\",\"url\":\"https:\\\/\\\/wein-werte.com\\\/wp-content\\\/uploads\\\/2026\\\/04\\\/Meinklang-Graupert-Grauburgunder-2022-750ml.png\",\"contentUrl\":\"https:\\\/\\\/wein-werte.com\\\/wp-content\\\/uploads\\\/2026\\\/04\\\/Meinklang-Graupert-Grauburgunder-2022-750ml.png\",\"width\":400,\"height\":952,\"caption\":\"Meinklang Graupert Grauburgunder 2022 750ml\"},{\"@type\":\"BreadcrumbList\",\"@id\":\"https:\\\/\\\/wein-werte.com\\\/de\\\/produkt\\\/meinklang-graupert-grauburgunder-2022-750ml\\\/#breadcrumb\",\"itemListElement\":[{\"@type\":\"ListItem\",\"position\":1,\"name\":\"Home\",\"item\":\"https:\\\/\\\/wein-werte.com\\\/de\\\/\"},{\"@type\":\"ListItem\",\"position\":2,\"name\":\"Shop\",\"item\":\"https:\\\/\\\/wein-werte.com\\\/de\\\/shop\\\/\"},{\"@type\":\"ListItem\",\"position\":3,\"name\":\"Meinklang | Burgenland\\\/Neusiedlersee | Graupert Grauburgunder | 2022 | 750ml | bio\"}]},{\"@type\":\"WebSite\",\"@id\":\"https:\\\/\\\/wein-werte.com\\\/de\\\/#website\",\"url\":\"https:\\\/\\\/wein-werte.com\\\/de\\\/\",\"name\":\"Wein Werte\",\"description\":\"\",\"publisher\":{\"@id\":\"https:\\\/\\\/wein-werte.com\\\/de\\\/#organization\"},\"potentialAction\":[{\"@type\":\"SearchAction\",\"target\":{\"@type\":\"EntryPoint\",\"urlTemplate\":\"https:\\\/\\\/wein-werte.com\\\/de\\\/?s={search_term_string}\"},\"query-input\":{\"@type\":\"PropertyValueSpecification\",\"valueRequired\":true,\"valueName\":\"search_term_string\"}}],\"inLanguage\":\"de\"},{\"@type\":\"Organization\",\"@id\":\"https:\\\/\\\/wein-werte.com\\\/de\\\/#organization\",\"name\":\"Vins Fins Thorrold\",\"url\":\"https:\\\/\\\/wein-werte.com\\\/de\\\/\",\"logo\":{\"@type\":\"ImageObject\",\"inLanguage\":\"de\",\"@id\":\"https:\\\/\\\/wein-werte.com\\\/de\\\/#\\\/schema\\\/logo\\\/image\\\/\",\"url\":\"https:\\\/\\\/wein-werte.com\\\/wp-content\\\/uploads\\\/2023\\\/07\\\/Wein_werte_Logo700-1.png\",\"contentUrl\":\"https:\\\/\\\/wein-werte.com\\\/wp-content\\\/uploads\\\/2023\\\/07\\\/Wein_werte_Logo700-1.png\",\"width\":700,\"height\":272,\"caption\":\"Vins Fins Thorrold\"},\"image\":{\"@id\":\"https:\\\/\\\/wein-werte.com\\\/de\\\/#\\\/schema\\\/logo\\\/image\\\/\"}}]}<\/script>\n<!-- \/ Yoast SEO plugin. -->","yoast_head_json":{"title":"Meinklang Graupert Grauburgunder 2022","description":"Kaufe Meinklang Graupert Grauburgunder 2022 (Pinot Gris, trocken Orange Wein aus Burgenland\/Neusiedlersee, \u00d6sterreich) bei Wein Werte, Ihrem nachhaltigen Onlineshop.","robots":{"index":"index","follow":"follow","max-snippet":"max-snippet:-1","max-image-preview":"max-image-preview:large","max-video-preview":"max-video-preview:-1"},"canonical":"https:\/\/wein-werte.com\/de\/produkt\/meinklang-graupert-grauburgunder-2022-750ml\/","og_locale":"de_DE","og_type":"article","og_title":"Meinklang Graupert Grauburgunder 2022","og_description":"Kaufe Meinklang Graupert Grauburgunder 2022 (Pinot Gris, trocken Orange Wein aus Burgenland\/Neusiedlersee, \u00d6sterreich) bei Wein Werte, Ihrem nachhaltigen Onlineshop.","og_url":"https:\/\/wein-werte.com\/de\/produkt\/meinklang-graupert-grauburgunder-2022-750ml\/","og_site_name":"Wein Werte","og_image":[{"width":400,"height":952,"url":"https:\/\/wein-werte.com\/wp-content\/uploads\/2026\/04\/Meinklang-Graupert-Grauburgunder-2022-750ml.png","type":"image\/png"}],"twitter_card":"summary_large_image","twitter_misc":{"Gesch\u00e4tzte Lesezeit":"1\u00a0Minute"},"schema":{"@context":"https:\/\/schema.org","@graph":[{"@type":"WebPage","@id":"https:\/\/wein-werte.com\/de\/produkt\/meinklang-graupert-grauburgunder-2022-750ml\/","url":"https:\/\/wein-werte.com\/de\/produkt\/meinklang-graupert-grauburgunder-2022-750ml\/","name":"Meinklang Graupert Grauburgunder 2022","isPartOf":{"@id":"https:\/\/wein-werte.com\/de\/#website"},"primaryImageOfPage":{"@id":"https:\/\/wein-werte.com\/de\/produkt\/meinklang-graupert-grauburgunder-2022-750ml\/#primaryimage"},"image":{"@id":"https:\/\/wein-werte.com\/de\/produkt\/meinklang-graupert-grauburgunder-2022-750ml\/#primaryimage"},"thumbnailUrl":"https:\/\/wein-werte.com\/wp-content\/uploads\/2026\/04\/Meinklang-Graupert-Grauburgunder-2022-750ml.png","datePublished":"2026-04-27T10:17:08+00:00","description":"Kaufe Meinklang Graupert Grauburgunder 2022 (Pinot Gris, trocken Orange Wein aus Burgenland\/Neusiedlersee, \u00d6sterreich) bei Wein Werte, Ihrem nachhaltigen Onlineshop.","breadcrumb":{"@id":"https:\/\/wein-werte.com\/de\/produkt\/meinklang-graupert-grauburgunder-2022-750ml\/#breadcrumb"},"inLanguage":"de","potentialAction":[{"@type":"ReadAction","target":["https:\/\/wein-werte.com\/de\/produkt\/meinklang-graupert-grauburgunder-2022-750ml\/"]}]},{"@type":"ImageObject","inLanguage":"de","@id":"https:\/\/wein-werte.com\/de\/produkt\/meinklang-graupert-grauburgunder-2022-750ml\/#primaryimage","url":"https:\/\/wein-werte.com\/wp-content\/uploads\/2026\/04\/Meinklang-Graupert-Grauburgunder-2022-750ml.png","contentUrl":"https:\/\/wein-werte.com\/wp-content\/uploads\/2026\/04\/Meinklang-Graupert-Grauburgunder-2022-750ml.png","width":400,"height":952,"caption":"Meinklang Graupert Grauburgunder 2022 750ml"},{"@type":"BreadcrumbList","@id":"https:\/\/wein-werte.com\/de\/produkt\/meinklang-graupert-grauburgunder-2022-750ml\/#breadcrumb","itemListElement":[{"@type":"ListItem","position":1,"name":"Home","item":"https:\/\/wein-werte.com\/de\/"},{"@type":"ListItem","position":2,"name":"Shop","item":"https:\/\/wein-werte.com\/de\/shop\/"},{"@type":"ListItem","position":3,"name":"Meinklang | Burgenland\/Neusiedlersee | Graupert Grauburgunder | 2022 | 750ml | bio"}]},{"@type":"WebSite","@id":"https:\/\/wein-werte.com\/de\/#website","url":"https:\/\/wein-werte.com\/de\/","name":"Wein Werte","description":"","publisher":{"@id":"https:\/\/wein-werte.com\/de\/#organization"},"potentialAction":[{"@type":"SearchAction","target":{"@type":"EntryPoint","urlTemplate":"https:\/\/wein-werte.com\/de\/?s={search_term_string}"},"query-input":{"@type":"PropertyValueSpecification","valueRequired":true,"valueName":"search_term_string"}}],"inLanguage":"de"},{"@type":"Organization","@id":"https:\/\/wein-werte.com\/de\/#organization","name":"Vins Fins Thorrold","url":"https:\/\/wein-werte.com\/de\/","logo":{"@type":"ImageObject","inLanguage":"de","@id":"https:\/\/wein-werte.com\/de\/#\/schema\/logo\/image\/","url":"https:\/\/wein-werte.com\/wp-content\/uploads\/2023\/07\/Wein_werte_Logo700-1.png","contentUrl":"https:\/\/wein-werte.com\/wp-content\/uploads\/2023\/07\/Wein_werte_Logo700-1.png","width":700,"height":272,"caption":"Vins Fins Thorrold"},"image":{"@id":"https:\/\/wein-werte.com\/de\/#\/schema\/logo\/image\/"}}]}},"_links":{"self":[{"href":"https:\/\/wein-werte.com\/de\/wp-json\/wp\/v2\/product\/1125560","targetHints":{"allow":["GET"]}}],"collection":[{"href":"https:\/\/wein-werte.com\/de\/wp-json\/wp\/v2\/product"}],"about":[{"href":"https:\/\/wein-werte.com\/de\/wp-json\/wp\/v2\/types\/product"}],"wp:featuredmedia":[{"embeddable":true,"href":"https:\/\/wein-werte.com\/de\/wp-json\/wp\/v2\/media\/1137910"}],"wp:attachment":[{"href":"https:\/\/wein-werte.com\/de\/wp-json\/wp\/v2\/media?parent=1125560"}],"wp:term":[{"taxonomy":"product_brand","embeddable":true,"href":"https:\/\/wein-werte.com\/de\/wp-json\/wp\/v2\/product_brand?post=1125560"},{"taxonomy":"product_cat","embeddable":true,"href":"https:\/\/wein-werte.com\/de\/wp-json\/wp\/v2\/product_cat?post=1125560"},{"taxonomy":"product_tag","embeddable":true,"href":"https:\/\/wein-werte.com\/de\/wp-json\/wp\/v2\/product_tag?post=1125560"}],"curies":[{"name":"wp","href":"https:\/\/api.w.org\/{rel}","templated":true}]}}