{"id":1125481,"date":"2026-04-27T12:16:59","date_gmt":"2026-04-27T10:16:59","guid":{"rendered":"https:\/\/wein-werte.com\/product\/heinrich-blaufrankisch-alter-berg-leithaberg-2019-750ml\/"},"modified":"2026-04-27T11:37:47","modified_gmt":"2026-04-27T09:37:47","slug":"heinrich-blaufrankisch-alter-berg-leithaberg-2019-750ml","status":"publish","type":"product","link":"https:\/\/wein-werte.com\/de\/produkt\/heinrich-blaufrankisch-alter-berg-leithaberg-2019-750ml\/","title":{"rendered":"Heinrich | Burgenland\/Neusiedlersee | Blaufr\u00e4nkisch Alter Berg Leithaberg DAC | 2019 | 750ml | bio"},"content":{"rendered":"<p>Produktbeschreibung f\u00fcr Heinrich Blaufr\u00e4nkisch Alter Berg Leithaberg DAC 2019 (bio)<\/p>\n<h5>Info vom Winzer<\/h5>\n<p> S\u00fcdostexponierte Hanglage in Winden am Lethagebirge. Oberhalb dieser herrlichen Riede steht der k\u00fchlende Wald unterhalb blickt man auf den Neusiedlersee, in den Zeilen wachsen riesige Kirschb\u00e4ume und \u00fcberall-in dem von kargem Kalkstein gepr\u00e4gten Boden-findet man die Millionen Jahre alten Fossilien aus dem Urmer, die diesem Wein die grandiose Mineralit\u00e4t verleihen. <\/p>\n<h5>\u00a0<\/h5>\n<h5>Vinifikation<\/h5>\n<p> Behutsame biodynamische Bewirtschaftung, Handlese Mitte bis Ende September, spontane G\u00e4rung, drei Wochen in der Amphore und auf der Maische belassen, schonend mit der Korbpresse gepresst, 42 Monate in der Amphore und in gebrauchten 500l Eichenf\u00e4ssern gereift. <\/p>\n<h5>Farbe<\/h5>\n<p> Tiefes Violett Rot, Schwarz im Kern. \u00a0 <\/p>\n<h5>Nase<\/h5>\n<p> Was f\u00fcr ein Duft, schwarze Kirschen, Brombeeren, Blaubeeren, Schlehe und Josta reihen sich aneinander. Mit Sauerstoff dringen deutliche Noten von Leder, Tabak, Holzrauch und S\u00fc\u00dfholz aus dem Glas hervor. Alles untermauert von wilden Kr\u00e4utern und einer tiefgr\u00fcndigen und bet\u00f6renden Mineralit\u00e4t, die Ihres gleichen sucht. \u00a0 <\/p>\n<h5>Gaumen<\/h5>\n<p> Am Gaumen packt der 2019er Ried Windener Alter Berg Blaufr\u00e4nkisch f\u00f6rmlich zu mit animierender und zugleich abgeschliffener Gerbstoff- und S\u00e4urestruktur. Auch hier kommt die grandiose Mineralit\u00e4t perfekt zum Tragen und die fruchtigen Kirsch und Beerenaromen bet\u00f6ren die Sinne. Sehr gutes Reifepotential, ein traumhafter Begleiter zu intensiven Schmor- und Grillgerichten!<\/p>\n<p>Copyright Vinaturel 2025<\/p>\n<p>Keywords: <a href=\"https:\/\/wein-werte.com\/de\/shop\/?swoof=1&#038;pa_producer=Heinrich\">Heinrich<\/a> <a href=\"https:\/\/wein-werte.com\/de\/shop\/?swoof=1&#038;woof_text=Blaufr\u00e4nkisch Alter Berg Leithaberg DAC\">Blaufr\u00e4nkisch Alter Berg Leithaberg DAC<\/a> 2019 bio <a href=\"https:\/\/wein-werte.com\/de\/shop\/?swoof=1&#038;pa_region=Burgenland\/Neusiedlersee\">Burgenland\/Neusiedlersee<\/a> <a href=\"https:\/\/wein-werte.com\/de\/shop\/?swoof=1&#038;pa_country=\u00d6sterreich\">\u00d6sterreich<\/a><\/p>\n<p>Internetseite des Weinguts: <a href=\"https:\/\/www.heinrich.at\/en\/\" target=\"_blank\">https:\/\/www.heinrich.at\/en\/<\/a><\/p>\n","protected":false},"excerpt":{"rendered":"<p>Lieferzeit: 1 bis 2 Arbeitstage (DE), 2 bis 5 Arbeitstage (EU and CH)<\/p>\n","protected":false},"featured_media":1137848,"template":"","meta":[],"product_brand":[],"product_cat":[19],"product_tag":[],"class_list":{"0":"post-1125481","1":"product","2":"type-product","3":"status-publish","4":"has-post-thumbnail","6":"product_cat-unkategorisiert","7":"pa_alcohol-for-filter-13-5","8":"pa_certified-biodynamic-ja-de","9":"pa_certified-organic-ja-de","10":"pa_colour-rot","11":"pa_country-osterreich","12":"pa_grape-blaufrankisch-lemberger","13":"pa_price-for-filter-10607","14":"pa_producer-heinrich","15":"pa_region-burgenland-neusiedlersee","16":"pa_size-ml-6584","17":"pa_sweetness-trocken-de","18":"pa_type-2-still-de","19":"pa_vintage-2019-de","20":"entry","21":"has-media","23":"first","24":"instock","25":"taxable","26":"shipping-taxable","27":"purchasable","28":"product-type-simple"},"yoast_head":"<!-- This site is optimized with the Yoast SEO plugin v27.5 - https:\/\/yoast.com\/product\/yoast-seo-wordpress\/ -->\n<title>Heinrich Blaufr\u00e4nkisch Alter Berg Leithaberg 2019<\/title>\n<meta name=\"description\" content=\"Kaufe Heinrich Blaufr\u00e4nkisch Alter Berg Leithaberg 2019 (Blaufr\u00e4nkisch, trocken aus Burgenland\/Neusiedlersee, \u00d6sterreich) bei Wein Werte, Ihrem nachhaltigen Onlineshop.\" \/>\n<meta name=\"robots\" content=\"index, follow, max-snippet:-1, max-image-preview:large, max-video-preview:-1\" \/>\n<link rel=\"canonical\" href=\"https:\/\/wein-werte.com\/de\/produkt\/heinrich-blaufrankisch-alter-berg-leithaberg-2019-750ml\/\" \/>\n<meta property=\"og:locale\" content=\"de_DE\" \/>\n<meta property=\"og:type\" content=\"article\" \/>\n<meta property=\"og:title\" content=\"Heinrich Blaufr\u00e4nkisch Alter Berg Leithaberg 2019\" \/>\n<meta property=\"og:description\" content=\"Kaufe Heinrich Blaufr\u00e4nkisch Alter Berg Leithaberg 2019 (Blaufr\u00e4nkisch, trocken aus Burgenland\/Neusiedlersee, \u00d6sterreich) bei Wein Werte, Ihrem nachhaltigen Onlineshop.\" \/>\n<meta property=\"og:url\" content=\"https:\/\/wein-werte.com\/de\/produkt\/heinrich-blaufrankisch-alter-berg-leithaberg-2019-750ml\/\" \/>\n<meta property=\"og:site_name\" content=\"Wein Werte\" \/>\n<meta property=\"og:image\" content=\"https:\/\/wein-werte.com\/wp-content\/uploads\/2026\/04\/Heinrich-Blaufrankisch-Alter-Berg-Leithaberg-2019-750ml.png\" \/>\n\t<meta property=\"og:image:width\" content=\"317\" \/>\n\t<meta property=\"og:image:height\" content=\"1200\" \/>\n\t<meta property=\"og:image:type\" content=\"image\/png\" \/>\n<meta name=\"twitter:card\" content=\"summary_large_image\" \/>\n<meta name=\"twitter:label1\" content=\"Gesch\u00e4tzte Lesezeit\" \/>\n\t<meta name=\"twitter:data1\" content=\"1\u00a0Minute\" \/>\n<script type=\"application\/ld+json\" class=\"yoast-schema-graph\">{\"@context\":\"https:\\\/\\\/schema.org\",\"@graph\":[{\"@type\":\"WebPage\",\"@id\":\"https:\\\/\\\/wein-werte.com\\\/de\\\/produkt\\\/heinrich-blaufrankisch-alter-berg-leithaberg-2019-750ml\\\/\",\"url\":\"https:\\\/\\\/wein-werte.com\\\/de\\\/produkt\\\/heinrich-blaufrankisch-alter-berg-leithaberg-2019-750ml\\\/\",\"name\":\"Heinrich Blaufr\u00e4nkisch Alter Berg Leithaberg 2019\",\"isPartOf\":{\"@id\":\"https:\\\/\\\/wein-werte.com\\\/de\\\/#website\"},\"primaryImageOfPage\":{\"@id\":\"https:\\\/\\\/wein-werte.com\\\/de\\\/produkt\\\/heinrich-blaufrankisch-alter-berg-leithaberg-2019-750ml\\\/#primaryimage\"},\"image\":{\"@id\":\"https:\\\/\\\/wein-werte.com\\\/de\\\/produkt\\\/heinrich-blaufrankisch-alter-berg-leithaberg-2019-750ml\\\/#primaryimage\"},\"thumbnailUrl\":\"https:\\\/\\\/wein-werte.com\\\/wp-content\\\/uploads\\\/2026\\\/04\\\/Heinrich-Blaufrankisch-Alter-Berg-Leithaberg-2019-750ml.png\",\"datePublished\":\"2026-04-27T10:16:59+00:00\",\"description\":\"Kaufe Heinrich Blaufr\u00e4nkisch Alter Berg Leithaberg 2019 (Blaufr\u00e4nkisch, trocken aus Burgenland\\\/Neusiedlersee, \u00d6sterreich) bei Wein Werte, Ihrem nachhaltigen Onlineshop.\",\"breadcrumb\":{\"@id\":\"https:\\\/\\\/wein-werte.com\\\/de\\\/produkt\\\/heinrich-blaufrankisch-alter-berg-leithaberg-2019-750ml\\\/#breadcrumb\"},\"inLanguage\":\"de\",\"potentialAction\":[{\"@type\":\"ReadAction\",\"target\":[\"https:\\\/\\\/wein-werte.com\\\/de\\\/produkt\\\/heinrich-blaufrankisch-alter-berg-leithaberg-2019-750ml\\\/\"]}]},{\"@type\":\"ImageObject\",\"inLanguage\":\"de\",\"@id\":\"https:\\\/\\\/wein-werte.com\\\/de\\\/produkt\\\/heinrich-blaufrankisch-alter-berg-leithaberg-2019-750ml\\\/#primaryimage\",\"url\":\"https:\\\/\\\/wein-werte.com\\\/wp-content\\\/uploads\\\/2026\\\/04\\\/Heinrich-Blaufrankisch-Alter-Berg-Leithaberg-2019-750ml.png\",\"contentUrl\":\"https:\\\/\\\/wein-werte.com\\\/wp-content\\\/uploads\\\/2026\\\/04\\\/Heinrich-Blaufrankisch-Alter-Berg-Leithaberg-2019-750ml.png\",\"width\":317,\"height\":1200,\"caption\":\"Heinrich Blaufr\u00e4nkisch Alter Berg Leithaberg DAC 2019 750ml\"},{\"@type\":\"BreadcrumbList\",\"@id\":\"https:\\\/\\\/wein-werte.com\\\/de\\\/produkt\\\/heinrich-blaufrankisch-alter-berg-leithaberg-2019-750ml\\\/#breadcrumb\",\"itemListElement\":[{\"@type\":\"ListItem\",\"position\":1,\"name\":\"Home\",\"item\":\"https:\\\/\\\/wein-werte.com\\\/de\\\/\"},{\"@type\":\"ListItem\",\"position\":2,\"name\":\"Shop\",\"item\":\"https:\\\/\\\/wein-werte.com\\\/de\\\/shop\\\/\"},{\"@type\":\"ListItem\",\"position\":3,\"name\":\"Heinrich | Burgenland\\\/Neusiedlersee | Blaufr\u00e4nkisch Alter Berg Leithaberg DAC | 2019 | 750ml | bio\"}]},{\"@type\":\"WebSite\",\"@id\":\"https:\\\/\\\/wein-werte.com\\\/de\\\/#website\",\"url\":\"https:\\\/\\\/wein-werte.com\\\/de\\\/\",\"name\":\"Wein Werte\",\"description\":\"\",\"publisher\":{\"@id\":\"https:\\\/\\\/wein-werte.com\\\/de\\\/#organization\"},\"potentialAction\":[{\"@type\":\"SearchAction\",\"target\":{\"@type\":\"EntryPoint\",\"urlTemplate\":\"https:\\\/\\\/wein-werte.com\\\/de\\\/?s={search_term_string}\"},\"query-input\":{\"@type\":\"PropertyValueSpecification\",\"valueRequired\":true,\"valueName\":\"search_term_string\"}}],\"inLanguage\":\"de\"},{\"@type\":\"Organization\",\"@id\":\"https:\\\/\\\/wein-werte.com\\\/de\\\/#organization\",\"name\":\"Vins Fins Thorrold\",\"url\":\"https:\\\/\\\/wein-werte.com\\\/de\\\/\",\"logo\":{\"@type\":\"ImageObject\",\"inLanguage\":\"de\",\"@id\":\"https:\\\/\\\/wein-werte.com\\\/de\\\/#\\\/schema\\\/logo\\\/image\\\/\",\"url\":\"https:\\\/\\\/wein-werte.com\\\/wp-content\\\/uploads\\\/2023\\\/07\\\/Wein_werte_Logo700-1.png\",\"contentUrl\":\"https:\\\/\\\/wein-werte.com\\\/wp-content\\\/uploads\\\/2023\\\/07\\\/Wein_werte_Logo700-1.png\",\"width\":700,\"height\":272,\"caption\":\"Vins Fins Thorrold\"},\"image\":{\"@id\":\"https:\\\/\\\/wein-werte.com\\\/de\\\/#\\\/schema\\\/logo\\\/image\\\/\"}}]}<\/script>\n<!-- \/ Yoast SEO plugin. -->","yoast_head_json":{"title":"Heinrich Blaufr\u00e4nkisch Alter Berg Leithaberg 2019","description":"Kaufe Heinrich Blaufr\u00e4nkisch Alter Berg Leithaberg 2019 (Blaufr\u00e4nkisch, trocken aus Burgenland\/Neusiedlersee, \u00d6sterreich) bei Wein Werte, Ihrem nachhaltigen Onlineshop.","robots":{"index":"index","follow":"follow","max-snippet":"max-snippet:-1","max-image-preview":"max-image-preview:large","max-video-preview":"max-video-preview:-1"},"canonical":"https:\/\/wein-werte.com\/de\/produkt\/heinrich-blaufrankisch-alter-berg-leithaberg-2019-750ml\/","og_locale":"de_DE","og_type":"article","og_title":"Heinrich Blaufr\u00e4nkisch Alter Berg Leithaberg 2019","og_description":"Kaufe Heinrich Blaufr\u00e4nkisch Alter Berg Leithaberg 2019 (Blaufr\u00e4nkisch, trocken aus Burgenland\/Neusiedlersee, \u00d6sterreich) bei Wein Werte, Ihrem nachhaltigen Onlineshop.","og_url":"https:\/\/wein-werte.com\/de\/produkt\/heinrich-blaufrankisch-alter-berg-leithaberg-2019-750ml\/","og_site_name":"Wein Werte","og_image":[{"width":317,"height":1200,"url":"https:\/\/wein-werte.com\/wp-content\/uploads\/2026\/04\/Heinrich-Blaufrankisch-Alter-Berg-Leithaberg-2019-750ml.png","type":"image\/png"}],"twitter_card":"summary_large_image","twitter_misc":{"Gesch\u00e4tzte Lesezeit":"1\u00a0Minute"},"schema":{"@context":"https:\/\/schema.org","@graph":[{"@type":"WebPage","@id":"https:\/\/wein-werte.com\/de\/produkt\/heinrich-blaufrankisch-alter-berg-leithaberg-2019-750ml\/","url":"https:\/\/wein-werte.com\/de\/produkt\/heinrich-blaufrankisch-alter-berg-leithaberg-2019-750ml\/","name":"Heinrich Blaufr\u00e4nkisch Alter Berg Leithaberg 2019","isPartOf":{"@id":"https:\/\/wein-werte.com\/de\/#website"},"primaryImageOfPage":{"@id":"https:\/\/wein-werte.com\/de\/produkt\/heinrich-blaufrankisch-alter-berg-leithaberg-2019-750ml\/#primaryimage"},"image":{"@id":"https:\/\/wein-werte.com\/de\/produkt\/heinrich-blaufrankisch-alter-berg-leithaberg-2019-750ml\/#primaryimage"},"thumbnailUrl":"https:\/\/wein-werte.com\/wp-content\/uploads\/2026\/04\/Heinrich-Blaufrankisch-Alter-Berg-Leithaberg-2019-750ml.png","datePublished":"2026-04-27T10:16:59+00:00","description":"Kaufe Heinrich Blaufr\u00e4nkisch Alter Berg Leithaberg 2019 (Blaufr\u00e4nkisch, trocken aus Burgenland\/Neusiedlersee, \u00d6sterreich) bei Wein Werte, Ihrem nachhaltigen Onlineshop.","breadcrumb":{"@id":"https:\/\/wein-werte.com\/de\/produkt\/heinrich-blaufrankisch-alter-berg-leithaberg-2019-750ml\/#breadcrumb"},"inLanguage":"de","potentialAction":[{"@type":"ReadAction","target":["https:\/\/wein-werte.com\/de\/produkt\/heinrich-blaufrankisch-alter-berg-leithaberg-2019-750ml\/"]}]},{"@type":"ImageObject","inLanguage":"de","@id":"https:\/\/wein-werte.com\/de\/produkt\/heinrich-blaufrankisch-alter-berg-leithaberg-2019-750ml\/#primaryimage","url":"https:\/\/wein-werte.com\/wp-content\/uploads\/2026\/04\/Heinrich-Blaufrankisch-Alter-Berg-Leithaberg-2019-750ml.png","contentUrl":"https:\/\/wein-werte.com\/wp-content\/uploads\/2026\/04\/Heinrich-Blaufrankisch-Alter-Berg-Leithaberg-2019-750ml.png","width":317,"height":1200,"caption":"Heinrich Blaufr\u00e4nkisch Alter Berg Leithaberg DAC 2019 750ml"},{"@type":"BreadcrumbList","@id":"https:\/\/wein-werte.com\/de\/produkt\/heinrich-blaufrankisch-alter-berg-leithaberg-2019-750ml\/#breadcrumb","itemListElement":[{"@type":"ListItem","position":1,"name":"Home","item":"https:\/\/wein-werte.com\/de\/"},{"@type":"ListItem","position":2,"name":"Shop","item":"https:\/\/wein-werte.com\/de\/shop\/"},{"@type":"ListItem","position":3,"name":"Heinrich | Burgenland\/Neusiedlersee | Blaufr\u00e4nkisch Alter Berg Leithaberg DAC | 2019 | 750ml | bio"}]},{"@type":"WebSite","@id":"https:\/\/wein-werte.com\/de\/#website","url":"https:\/\/wein-werte.com\/de\/","name":"Wein Werte","description":"","publisher":{"@id":"https:\/\/wein-werte.com\/de\/#organization"},"potentialAction":[{"@type":"SearchAction","target":{"@type":"EntryPoint","urlTemplate":"https:\/\/wein-werte.com\/de\/?s={search_term_string}"},"query-input":{"@type":"PropertyValueSpecification","valueRequired":true,"valueName":"search_term_string"}}],"inLanguage":"de"},{"@type":"Organization","@id":"https:\/\/wein-werte.com\/de\/#organization","name":"Vins Fins Thorrold","url":"https:\/\/wein-werte.com\/de\/","logo":{"@type":"ImageObject","inLanguage":"de","@id":"https:\/\/wein-werte.com\/de\/#\/schema\/logo\/image\/","url":"https:\/\/wein-werte.com\/wp-content\/uploads\/2023\/07\/Wein_werte_Logo700-1.png","contentUrl":"https:\/\/wein-werte.com\/wp-content\/uploads\/2023\/07\/Wein_werte_Logo700-1.png","width":700,"height":272,"caption":"Vins Fins Thorrold"},"image":{"@id":"https:\/\/wein-werte.com\/de\/#\/schema\/logo\/image\/"}}]}},"_links":{"self":[{"href":"https:\/\/wein-werte.com\/de\/wp-json\/wp\/v2\/product\/1125481","targetHints":{"allow":["GET"]}}],"collection":[{"href":"https:\/\/wein-werte.com\/de\/wp-json\/wp\/v2\/product"}],"about":[{"href":"https:\/\/wein-werte.com\/de\/wp-json\/wp\/v2\/types\/product"}],"wp:featuredmedia":[{"embeddable":true,"href":"https:\/\/wein-werte.com\/de\/wp-json\/wp\/v2\/media\/1137848"}],"wp:attachment":[{"href":"https:\/\/wein-werte.com\/de\/wp-json\/wp\/v2\/media?parent=1125481"}],"wp:term":[{"taxonomy":"product_brand","embeddable":true,"href":"https:\/\/wein-werte.com\/de\/wp-json\/wp\/v2\/product_brand?post=1125481"},{"taxonomy":"product_cat","embeddable":true,"href":"https:\/\/wein-werte.com\/de\/wp-json\/wp\/v2\/product_cat?post=1125481"},{"taxonomy":"product_tag","embeddable":true,"href":"https:\/\/wein-werte.com\/de\/wp-json\/wp\/v2\/product_tag?post=1125481"}],"curies":[{"name":"wp","href":"https:\/\/api.w.org\/{rel}","templated":true}]}}