{"id":1125471,"date":"2026-04-27T12:16:59","date_gmt":"2026-04-27T10:16:59","guid":{"rendered":"https:\/\/wein-werte.com\/product\/heinrich-into-the-light-white-blaufrankisch-2023-750ml\/"},"modified":"2026-04-27T11:37:46","modified_gmt":"2026-04-27T09:37:46","slug":"heinrich-into-the-light-white-blaufrankisch-2023-750ml","status":"publish","type":"product","link":"https:\/\/wein-werte.com\/de\/produkt\/heinrich-into-the-light-white-blaufrankisch-2023-750ml\/","title":{"rendered":"Heinrich | Burgenland\/Neusiedlersee | Into the light, White Blaufr\u00e4nkisch  | 2023 | 750ml | bio"},"content":{"rendered":"<p>Produktbeschreibung f\u00fcr Heinrich Into the light, White Blaufr\u00e4nkisch  2023 (bio) <\/p>\n<h5>Info<\/h5>\n<p> Die Reben stehen auf Kalk und Schiefer. <\/p>\n<h5>Vinifikation<\/h5>\n<p> Die handgelesenen Trauben wurden als Blanc de Noirs gekeltert und spontan in gro\u00dfen Holzf\u00e4ssern und Amphoren vergoren. Abgef\u00fcllt wurde unfiltriert ohne Zugabe von Schwefel. <\/p>\n<h5>Farbe<\/h5>\n<p> Getr\u00fcbtes intensives Golldgelb. <\/p>\n<h5>Nase<\/h5>\n<p> Nachdem man diesen spannenden Tropfen mit viel Schwung in die Karaffe geleert hat, steigt ein bet\u00f6render Duft aus dem Glas hervor. Weinbergs Pfirsich, reife Birne, Zwetschgen, Marillen und deutlichen R\u00f6stnoten von hellen N\u00fcssen und viel frische Hefe machen den Anfang. Sp\u00e4ter treten Orangenzesten und Noten von Anis und Vanille hinzu, Eine s\u00fc\u00dfe und cremige Struktur deutet sich an , die von einer k\u00fchlen mineralischen Note getragen wird. <\/p>\n<h5>Gaumen<\/h5>\n<p> Auf der Zunge wirkt der 2023er Into the light-White Blaufr\u00e4nkisch pikant, erfrischend und cremig, seine feine Gerbstoffnote verleiht ihm Gripp und es treten Grapefruit und Noten von Orangenzesten hinzu. Perfekter Begleiter zu Gerichten mit salziger und fruchtiger Pr\u00e4gung. Ein absoluter Food Wine, klasse L\u00e4nge! <\/p>\n<p>Copyright Vinaturel 2025<\/p>\n<p>Keywords: <a href=\"https:\/\/wein-werte.com\/de\/shop\/?swoof=1&#038;pa_producer=Heinrich\">Heinrich<\/a> <a href=\"https:\/\/wein-werte.com\/de\/shop\/?swoof=1&#038;woof_text=Into the light, White Blaufr\u00e4nkisch \">Into the light, White Blaufr\u00e4nkisch <\/a> 2023 bio <a href=\"https:\/\/wein-werte.com\/de\/shop\/?swoof=1&#038;pa_region=Burgenland\/Neusiedlersee\">Burgenland\/Neusiedlersee<\/a> <a href=\"https:\/\/wein-werte.com\/de\/shop\/?swoof=1&#038;pa_country=\u00d6sterreich\">\u00d6sterreich<\/a><\/p>\n<p>Internetseite des Weinguts: <a href=\"https:\/\/www.heinrich.at\/en\/\" target=\"_blank\">https:\/\/www.heinrich.at\/en\/<\/a><\/p>\n","protected":false},"excerpt":{"rendered":"<p>Lieferzeit: 1 bis 2 Arbeitstage (DE), 2 bis 5 Arbeitstage (EU and CH)<\/p>\n","protected":false},"featured_media":1137840,"template":"","meta":[],"product_brand":[],"product_cat":[19],"product_tag":[],"class_list":{"0":"post-1125471","1":"product","2":"type-product","3":"status-publish","4":"has-post-thumbnail","6":"product_cat-unkategorisiert","7":"pa_alcohol-for-filter-12893","8":"pa_certified-biodynamic-ja-de","9":"pa_certified-organic-ja-de","10":"pa_colour-weiss","11":"pa_country-osterreich","12":"pa_grape-blaufrankisch-lemberger","13":"pa_price-for-filter-10627","14":"pa_producer-heinrich","15":"pa_region-burgenland-neusiedlersee","16":"pa_size-ml-6584","17":"pa_sweetness-trocken-de","18":"pa_type-2-still-de","19":"pa_vintage-2023-de","20":"entry","21":"has-media","23":"first","24":"instock","25":"taxable","26":"shipping-taxable","27":"purchasable","28":"product-type-simple"},"yoast_head":"<!-- This site is optimized with the Yoast SEO plugin v27.5 - https:\/\/yoast.com\/product\/yoast-seo-wordpress\/ -->\n<title>Heinrich Into the light White Blaufr\u00e4nkisch 2023<\/title>\n<meta name=\"description\" content=\"Kaufe Heinrich Into the light White Blaufr\u00e4nkisch 2023 (Blaufr\u00e4nkisch, trocken aus Burgenland\/Neusiedlersee, \u00d6sterreich) bei Wein Werte, Ihrem nachhaltigen Onlineshop.\" \/>\n<meta name=\"robots\" content=\"index, follow, max-snippet:-1, max-image-preview:large, max-video-preview:-1\" \/>\n<link rel=\"canonical\" href=\"https:\/\/wein-werte.com\/de\/produkt\/heinrich-into-the-light-white-blaufrankisch-2023-750ml\/\" \/>\n<meta property=\"og:locale\" content=\"de_DE\" \/>\n<meta property=\"og:type\" content=\"article\" \/>\n<meta property=\"og:title\" content=\"Heinrich Into the light White Blaufr\u00e4nkisch 2023\" \/>\n<meta property=\"og:description\" content=\"Kaufe Heinrich Into the light White Blaufr\u00e4nkisch 2023 (Blaufr\u00e4nkisch, trocken aus Burgenland\/Neusiedlersee, \u00d6sterreich) bei Wein Werte, Ihrem nachhaltigen Onlineshop.\" \/>\n<meta property=\"og:url\" content=\"https:\/\/wein-werte.com\/de\/produkt\/heinrich-into-the-light-white-blaufrankisch-2023-750ml\/\" \/>\n<meta property=\"og:site_name\" content=\"Wein Werte\" \/>\n<meta property=\"og:image\" content=\"https:\/\/wein-werte.com\/wp-content\/uploads\/2026\/04\/Heinrich-Into-the-light-White-Blaufrankisch-2023-750ml.png\" \/>\n\t<meta property=\"og:image:width\" content=\"317\" \/>\n\t<meta property=\"og:image:height\" content=\"1200\" \/>\n\t<meta property=\"og:image:type\" content=\"image\/png\" \/>\n<meta name=\"twitter:card\" content=\"summary_large_image\" \/>\n<meta name=\"twitter:label1\" content=\"Gesch\u00e4tzte Lesezeit\" \/>\n\t<meta name=\"twitter:data1\" content=\"1\u00a0Minute\" \/>\n<script type=\"application\/ld+json\" class=\"yoast-schema-graph\">{\"@context\":\"https:\\\/\\\/schema.org\",\"@graph\":[{\"@type\":\"WebPage\",\"@id\":\"https:\\\/\\\/wein-werte.com\\\/de\\\/produkt\\\/heinrich-into-the-light-white-blaufrankisch-2023-750ml\\\/\",\"url\":\"https:\\\/\\\/wein-werte.com\\\/de\\\/produkt\\\/heinrich-into-the-light-white-blaufrankisch-2023-750ml\\\/\",\"name\":\"Heinrich Into the light White Blaufr\u00e4nkisch 2023\",\"isPartOf\":{\"@id\":\"https:\\\/\\\/wein-werte.com\\\/de\\\/#website\"},\"primaryImageOfPage\":{\"@id\":\"https:\\\/\\\/wein-werte.com\\\/de\\\/produkt\\\/heinrich-into-the-light-white-blaufrankisch-2023-750ml\\\/#primaryimage\"},\"image\":{\"@id\":\"https:\\\/\\\/wein-werte.com\\\/de\\\/produkt\\\/heinrich-into-the-light-white-blaufrankisch-2023-750ml\\\/#primaryimage\"},\"thumbnailUrl\":\"https:\\\/\\\/wein-werte.com\\\/wp-content\\\/uploads\\\/2026\\\/04\\\/Heinrich-Into-the-light-White-Blaufrankisch-2023-750ml.png\",\"datePublished\":\"2026-04-27T10:16:59+00:00\",\"description\":\"Kaufe Heinrich Into the light White Blaufr\u00e4nkisch 2023 (Blaufr\u00e4nkisch, trocken aus Burgenland\\\/Neusiedlersee, \u00d6sterreich) bei Wein Werte, Ihrem nachhaltigen Onlineshop.\",\"breadcrumb\":{\"@id\":\"https:\\\/\\\/wein-werte.com\\\/de\\\/produkt\\\/heinrich-into-the-light-white-blaufrankisch-2023-750ml\\\/#breadcrumb\"},\"inLanguage\":\"de\",\"potentialAction\":[{\"@type\":\"ReadAction\",\"target\":[\"https:\\\/\\\/wein-werte.com\\\/de\\\/produkt\\\/heinrich-into-the-light-white-blaufrankisch-2023-750ml\\\/\"]}]},{\"@type\":\"ImageObject\",\"inLanguage\":\"de\",\"@id\":\"https:\\\/\\\/wein-werte.com\\\/de\\\/produkt\\\/heinrich-into-the-light-white-blaufrankisch-2023-750ml\\\/#primaryimage\",\"url\":\"https:\\\/\\\/wein-werte.com\\\/wp-content\\\/uploads\\\/2026\\\/04\\\/Heinrich-Into-the-light-White-Blaufrankisch-2023-750ml.png\",\"contentUrl\":\"https:\\\/\\\/wein-werte.com\\\/wp-content\\\/uploads\\\/2026\\\/04\\\/Heinrich-Into-the-light-White-Blaufrankisch-2023-750ml.png\",\"width\":317,\"height\":1200,\"caption\":\"Heinrich Into the light, White Blaufr\u00e4nkisch 2023 750ml\"},{\"@type\":\"BreadcrumbList\",\"@id\":\"https:\\\/\\\/wein-werte.com\\\/de\\\/produkt\\\/heinrich-into-the-light-white-blaufrankisch-2023-750ml\\\/#breadcrumb\",\"itemListElement\":[{\"@type\":\"ListItem\",\"position\":1,\"name\":\"Home\",\"item\":\"https:\\\/\\\/wein-werte.com\\\/de\\\/\"},{\"@type\":\"ListItem\",\"position\":2,\"name\":\"Shop\",\"item\":\"https:\\\/\\\/wein-werte.com\\\/de\\\/shop\\\/\"},{\"@type\":\"ListItem\",\"position\":3,\"name\":\"Heinrich | Burgenland\\\/Neusiedlersee | Into the light, White Blaufr\u00e4nkisch | 2023 | 750ml | bio\"}]},{\"@type\":\"WebSite\",\"@id\":\"https:\\\/\\\/wein-werte.com\\\/de\\\/#website\",\"url\":\"https:\\\/\\\/wein-werte.com\\\/de\\\/\",\"name\":\"Wein Werte\",\"description\":\"\",\"publisher\":{\"@id\":\"https:\\\/\\\/wein-werte.com\\\/de\\\/#organization\"},\"potentialAction\":[{\"@type\":\"SearchAction\",\"target\":{\"@type\":\"EntryPoint\",\"urlTemplate\":\"https:\\\/\\\/wein-werte.com\\\/de\\\/?s={search_term_string}\"},\"query-input\":{\"@type\":\"PropertyValueSpecification\",\"valueRequired\":true,\"valueName\":\"search_term_string\"}}],\"inLanguage\":\"de\"},{\"@type\":\"Organization\",\"@id\":\"https:\\\/\\\/wein-werte.com\\\/de\\\/#organization\",\"name\":\"Vins Fins Thorrold\",\"url\":\"https:\\\/\\\/wein-werte.com\\\/de\\\/\",\"logo\":{\"@type\":\"ImageObject\",\"inLanguage\":\"de\",\"@id\":\"https:\\\/\\\/wein-werte.com\\\/de\\\/#\\\/schema\\\/logo\\\/image\\\/\",\"url\":\"https:\\\/\\\/wein-werte.com\\\/wp-content\\\/uploads\\\/2023\\\/07\\\/Wein_werte_Logo700-1.png\",\"contentUrl\":\"https:\\\/\\\/wein-werte.com\\\/wp-content\\\/uploads\\\/2023\\\/07\\\/Wein_werte_Logo700-1.png\",\"width\":700,\"height\":272,\"caption\":\"Vins Fins Thorrold\"},\"image\":{\"@id\":\"https:\\\/\\\/wein-werte.com\\\/de\\\/#\\\/schema\\\/logo\\\/image\\\/\"}}]}<\/script>\n<!-- \/ Yoast SEO plugin. -->","yoast_head_json":{"title":"Heinrich Into the light White Blaufr\u00e4nkisch 2023","description":"Kaufe Heinrich Into the light White Blaufr\u00e4nkisch 2023 (Blaufr\u00e4nkisch, trocken aus Burgenland\/Neusiedlersee, \u00d6sterreich) bei Wein Werte, Ihrem nachhaltigen Onlineshop.","robots":{"index":"index","follow":"follow","max-snippet":"max-snippet:-1","max-image-preview":"max-image-preview:large","max-video-preview":"max-video-preview:-1"},"canonical":"https:\/\/wein-werte.com\/de\/produkt\/heinrich-into-the-light-white-blaufrankisch-2023-750ml\/","og_locale":"de_DE","og_type":"article","og_title":"Heinrich Into the light White Blaufr\u00e4nkisch 2023","og_description":"Kaufe Heinrich Into the light White Blaufr\u00e4nkisch 2023 (Blaufr\u00e4nkisch, trocken aus Burgenland\/Neusiedlersee, \u00d6sterreich) bei Wein Werte, Ihrem nachhaltigen Onlineshop.","og_url":"https:\/\/wein-werte.com\/de\/produkt\/heinrich-into-the-light-white-blaufrankisch-2023-750ml\/","og_site_name":"Wein Werte","og_image":[{"width":317,"height":1200,"url":"https:\/\/wein-werte.com\/wp-content\/uploads\/2026\/04\/Heinrich-Into-the-light-White-Blaufrankisch-2023-750ml.png","type":"image\/png"}],"twitter_card":"summary_large_image","twitter_misc":{"Gesch\u00e4tzte Lesezeit":"1\u00a0Minute"},"schema":{"@context":"https:\/\/schema.org","@graph":[{"@type":"WebPage","@id":"https:\/\/wein-werte.com\/de\/produkt\/heinrich-into-the-light-white-blaufrankisch-2023-750ml\/","url":"https:\/\/wein-werte.com\/de\/produkt\/heinrich-into-the-light-white-blaufrankisch-2023-750ml\/","name":"Heinrich Into the light White Blaufr\u00e4nkisch 2023","isPartOf":{"@id":"https:\/\/wein-werte.com\/de\/#website"},"primaryImageOfPage":{"@id":"https:\/\/wein-werte.com\/de\/produkt\/heinrich-into-the-light-white-blaufrankisch-2023-750ml\/#primaryimage"},"image":{"@id":"https:\/\/wein-werte.com\/de\/produkt\/heinrich-into-the-light-white-blaufrankisch-2023-750ml\/#primaryimage"},"thumbnailUrl":"https:\/\/wein-werte.com\/wp-content\/uploads\/2026\/04\/Heinrich-Into-the-light-White-Blaufrankisch-2023-750ml.png","datePublished":"2026-04-27T10:16:59+00:00","description":"Kaufe Heinrich Into the light White Blaufr\u00e4nkisch 2023 (Blaufr\u00e4nkisch, trocken aus Burgenland\/Neusiedlersee, \u00d6sterreich) bei Wein Werte, Ihrem nachhaltigen Onlineshop.","breadcrumb":{"@id":"https:\/\/wein-werte.com\/de\/produkt\/heinrich-into-the-light-white-blaufrankisch-2023-750ml\/#breadcrumb"},"inLanguage":"de","potentialAction":[{"@type":"ReadAction","target":["https:\/\/wein-werte.com\/de\/produkt\/heinrich-into-the-light-white-blaufrankisch-2023-750ml\/"]}]},{"@type":"ImageObject","inLanguage":"de","@id":"https:\/\/wein-werte.com\/de\/produkt\/heinrich-into-the-light-white-blaufrankisch-2023-750ml\/#primaryimage","url":"https:\/\/wein-werte.com\/wp-content\/uploads\/2026\/04\/Heinrich-Into-the-light-White-Blaufrankisch-2023-750ml.png","contentUrl":"https:\/\/wein-werte.com\/wp-content\/uploads\/2026\/04\/Heinrich-Into-the-light-White-Blaufrankisch-2023-750ml.png","width":317,"height":1200,"caption":"Heinrich Into the light, White Blaufr\u00e4nkisch 2023 750ml"},{"@type":"BreadcrumbList","@id":"https:\/\/wein-werte.com\/de\/produkt\/heinrich-into-the-light-white-blaufrankisch-2023-750ml\/#breadcrumb","itemListElement":[{"@type":"ListItem","position":1,"name":"Home","item":"https:\/\/wein-werte.com\/de\/"},{"@type":"ListItem","position":2,"name":"Shop","item":"https:\/\/wein-werte.com\/de\/shop\/"},{"@type":"ListItem","position":3,"name":"Heinrich | Burgenland\/Neusiedlersee | Into the light, White Blaufr\u00e4nkisch | 2023 | 750ml | bio"}]},{"@type":"WebSite","@id":"https:\/\/wein-werte.com\/de\/#website","url":"https:\/\/wein-werte.com\/de\/","name":"Wein Werte","description":"","publisher":{"@id":"https:\/\/wein-werte.com\/de\/#organization"},"potentialAction":[{"@type":"SearchAction","target":{"@type":"EntryPoint","urlTemplate":"https:\/\/wein-werte.com\/de\/?s={search_term_string}"},"query-input":{"@type":"PropertyValueSpecification","valueRequired":true,"valueName":"search_term_string"}}],"inLanguage":"de"},{"@type":"Organization","@id":"https:\/\/wein-werte.com\/de\/#organization","name":"Vins Fins Thorrold","url":"https:\/\/wein-werte.com\/de\/","logo":{"@type":"ImageObject","inLanguage":"de","@id":"https:\/\/wein-werte.com\/de\/#\/schema\/logo\/image\/","url":"https:\/\/wein-werte.com\/wp-content\/uploads\/2023\/07\/Wein_werte_Logo700-1.png","contentUrl":"https:\/\/wein-werte.com\/wp-content\/uploads\/2023\/07\/Wein_werte_Logo700-1.png","width":700,"height":272,"caption":"Vins Fins Thorrold"},"image":{"@id":"https:\/\/wein-werte.com\/de\/#\/schema\/logo\/image\/"}}]}},"_links":{"self":[{"href":"https:\/\/wein-werte.com\/de\/wp-json\/wp\/v2\/product\/1125471","targetHints":{"allow":["GET"]}}],"collection":[{"href":"https:\/\/wein-werte.com\/de\/wp-json\/wp\/v2\/product"}],"about":[{"href":"https:\/\/wein-werte.com\/de\/wp-json\/wp\/v2\/types\/product"}],"wp:featuredmedia":[{"embeddable":true,"href":"https:\/\/wein-werte.com\/de\/wp-json\/wp\/v2\/media\/1137840"}],"wp:attachment":[{"href":"https:\/\/wein-werte.com\/de\/wp-json\/wp\/v2\/media?parent=1125471"}],"wp:term":[{"taxonomy":"product_brand","embeddable":true,"href":"https:\/\/wein-werte.com\/de\/wp-json\/wp\/v2\/product_brand?post=1125471"},{"taxonomy":"product_cat","embeddable":true,"href":"https:\/\/wein-werte.com\/de\/wp-json\/wp\/v2\/product_cat?post=1125471"},{"taxonomy":"product_tag","embeddable":true,"href":"https:\/\/wein-werte.com\/de\/wp-json\/wp\/v2\/product_tag?post=1125471"}],"curies":[{"name":"wp","href":"https:\/\/api.w.org\/{rel}","templated":true}]}}