{"id":1125414,"date":"2026-05-17T12:28:13","date_gmt":"2026-05-17T10:28:13","guid":{"rendered":"https:\/\/wein-werte.com\/product\/heinrich-zweigelt-2017-1500ml-2\/"},"modified":"2026-05-14T23:11:20","modified_gmt":"2026-05-14T21:11:20","slug":"heinrich-zweigelt-2017-1500ml","status":"publish","type":"product","link":"https:\/\/wein-werte.com\/de\/produkt\/heinrich-zweigelt-2017-1500ml\/","title":{"rendered":"Heinrich | Burgenland\/Neusiedlersee | Zweigelt | 2017 | 1500ml | bio"},"content":{"rendered":"<p>Produktbeschreibung f\u00fcr Heinrich Zweigelt 2017 (bio) <\/p>\n<h5>Farbe<\/h5>\n<p> Der Wein zeigt sich in hellem Rubinrot mit granatrotem Rand und violettem Kern klar und gl\u00e4nzend im Glas. <\/p>\n<h5>Nase<\/h5>\n<p> F\u00f6rmlich riechbare W\u00e4rme und, in Gestalt von Herzkirsche, wohltuende Geborgenheit bilden die Essenz dieses Zweigelts. Der Sorte entsprechend ist er geradlinig und klar. Dabei zeigt er frei- und ausgiebig seine dunkelbeerige Frucht. Diese hangelt sich von der Frische einer Weichsel \u00fcber die verschmitzte Pfeffrigkeit von Preiselbeeren bis hin zur Beh\u00e4bigkeit einer Schwarzw\u00e4lder Kirschtorte. Er steht f\u00fcr heimelige Geborgenheit und erz\u00e4hlt wohltuende Geschichten aus den verschiedensten Winkeln des Neusiedlersees. Zugleich ist er eine grundehrliche Dokumentation seiner Herkunft und des Jahres 2017, das den Trauben auf dem Weg zur Erkenntnis ihres Schicksals die exorbitante Feinheit eines Brillantenschliffs mit auf dem Weg gegeben hat. <\/p>\n<h5>Gaumen<\/h5>\n<p> Auch am Gaumen des 2017 Zweigelt von Gernot und Heike Heinrich werden von Sauer- bis Herzkirsche s\u00e4mtliche Spielarten der Frucht im Kreistanz durch dekliniert, w\u00e4hrend feingliedriges, doch griffiges Tannin den Wein mit erdendem Tiefgang ausstattet. Bei aller Finesse und schier k\u00fchl wirkender Eleganz jedoch, ist und bleibt das Attribut, f\u00fcr welches diesem Zweigelt g\u00e4nzlich das Herz aufgeht, schlichtweg eines: n\u00e4mlich saftig. Dem Jahrgang 2017 entsprechend pr\u00e4sentiert er sich vollmundig und von wohlwollender Reife mit griffigem, doch feingliedrigem Tannin und etwas mehr Speck auf den Rippen. Um seinem Fruchtreigen freien Lauf zu lassen am besten bei 15-16\u00b0 C einschenken.<\/p>\n<p>Copyright Vinaturel 2025<\/p>\n<p>Keywords: <a href=\"https:\/\/wein-werte.com\/de\/shop\/?swoof=1&#038;pa_producer=Heinrich\">Heinrich<\/a> <a href=\"https:\/\/wein-werte.com\/de\/shop\/?swoof=1&#038;woof_text=Zweigelt\">Zweigelt<\/a> 2017 bio <a href=\"https:\/\/wein-werte.com\/de\/shop\/?swoof=1&#038;pa_region=Burgenland\/Neusiedlersee\">Burgenland\/Neusiedlersee<\/a> <a href=\"https:\/\/wein-werte.com\/de\/shop\/?swoof=1&#038;pa_country=\u00d6sterreich\">\u00d6sterreich<\/a><\/p>\n<p>Internetseite des Weinguts: <a href=\"https:\/\/www.heinrich.at\/en\/\" target=\"_blank\">https:\/\/www.heinrich.at\/en\/<\/a><\/p>\n","protected":false},"excerpt":{"rendered":"<div style=\"font-size: 14px;\">\n<p>Lieferzeit: 1 bis 2 Arbeitstage (DE), 2 bis 5 Arbeitstage (EU und CH)<\/p>\n<p>Ungef\u00e4hrer Energiegehalt pro 125-ml-Glas: 95 kcal<\/p>\n<\/p><\/div>\n","protected":false},"featured_media":1137796,"template":"","meta":[],"product_brand":[],"product_cat":[19],"product_tag":[],"class_list":{"0":"post-1125414","1":"product","2":"type-product","3":"status-publish","4":"has-post-thumbnail","6":"product_cat-unkategorisiert","7":"pa_alcohol-for-filter-12893","8":"pa_certified-biodynamic-ja-de","9":"pa_certified-organic-ja-de","10":"pa_colour-rot","11":"pa_country-osterreich","12":"pa_grape-zweigelt","13":"pa_price-for-filter-10631","14":"pa_producer-heinrich","15":"pa_region-burgenland-neusiedlersee","16":"pa_size-ml-20258","17":"pa_sweetness-trocken-de","18":"pa_type-2-still-de","19":"pa_vintage-2017-de","20":"entry","21":"has-media","23":"first","24":"instock","25":"taxable","26":"shipping-taxable","27":"purchasable","28":"product-type-simple"},"yoast_head":"<!-- This site is optimized with the Yoast SEO plugin v27.6 - https:\/\/yoast.com\/product\/yoast-seo-wordpress\/ -->\n<title>Heinrich Zweigelt 2017 1500ml<\/title>\n<meta name=\"description\" content=\"Kaufe Heinrich Zweigelt 2017 (Zweigelt, trocken aus Burgenland\/Neusiedlersee, \u00d6sterreich) bei Wein Werte, Ihrem nachhaltigen Onlineshop.\" \/>\n<meta name=\"robots\" content=\"index, follow, max-snippet:-1, max-image-preview:large, max-video-preview:-1\" \/>\n<link rel=\"canonical\" href=\"https:\/\/wein-werte.com\/de\/produkt\/heinrich-zweigelt-2017-1500ml\/\" \/>\n<meta property=\"og:locale\" content=\"de_DE\" \/>\n<meta property=\"og:type\" content=\"article\" \/>\n<meta property=\"og:title\" content=\"Heinrich Zweigelt 2017 1500ml\" \/>\n<meta property=\"og:description\" content=\"Kaufe Heinrich Zweigelt 2017 (Zweigelt, trocken aus Burgenland\/Neusiedlersee, \u00d6sterreich) bei Wein Werte, Ihrem nachhaltigen Onlineshop.\" \/>\n<meta property=\"og:url\" content=\"https:\/\/wein-werte.com\/de\/produkt\/heinrich-zweigelt-2017-1500ml\/\" \/>\n<meta property=\"og:site_name\" content=\"Wein Werte\" \/>\n<meta property=\"og:image\" content=\"https:\/\/wein-werte.com\/wp-content\/uploads\/2026\/04\/Heinrich-Zweigelt-2017-1500ml.png\" \/>\n\t<meta property=\"og:image:width\" content=\"333\" \/>\n\t<meta property=\"og:image:height\" content=\"1200\" \/>\n\t<meta property=\"og:image:type\" content=\"image\/png\" \/>\n<meta name=\"twitter:card\" content=\"summary_large_image\" \/>\n<meta name=\"twitter:label1\" content=\"Gesch\u00e4tzte Lesezeit\" \/>\n\t<meta name=\"twitter:data1\" content=\"1\u00a0Minute\" \/>\n<script type=\"application\/ld+json\" class=\"yoast-schema-graph\">{\"@context\":\"https:\\\/\\\/schema.org\",\"@graph\":[{\"@type\":\"WebPage\",\"@id\":\"https:\\\/\\\/wein-werte.com\\\/de\\\/produkt\\\/heinrich-zweigelt-2017-1500ml\\\/\",\"url\":\"https:\\\/\\\/wein-werte.com\\\/de\\\/produkt\\\/heinrich-zweigelt-2017-1500ml\\\/\",\"name\":\"Heinrich Zweigelt 2017 1500ml\",\"isPartOf\":{\"@id\":\"https:\\\/\\\/wein-werte.com\\\/de\\\/#website\"},\"primaryImageOfPage\":{\"@id\":\"https:\\\/\\\/wein-werte.com\\\/de\\\/produkt\\\/heinrich-zweigelt-2017-1500ml\\\/#primaryimage\"},\"image\":{\"@id\":\"https:\\\/\\\/wein-werte.com\\\/de\\\/produkt\\\/heinrich-zweigelt-2017-1500ml\\\/#primaryimage\"},\"thumbnailUrl\":\"https:\\\/\\\/wein-werte.com\\\/wp-content\\\/uploads\\\/2026\\\/04\\\/Heinrich-Zweigelt-2017-1500ml.png\",\"datePublished\":\"2026-05-17T10:28:13+00:00\",\"description\":\"Kaufe Heinrich Zweigelt 2017 (Zweigelt, trocken aus Burgenland\\\/Neusiedlersee, \u00d6sterreich) bei Wein Werte, Ihrem nachhaltigen Onlineshop.\",\"breadcrumb\":{\"@id\":\"https:\\\/\\\/wein-werte.com\\\/de\\\/produkt\\\/heinrich-zweigelt-2017-1500ml\\\/#breadcrumb\"},\"inLanguage\":\"de\",\"potentialAction\":[{\"@type\":\"ReadAction\",\"target\":[\"https:\\\/\\\/wein-werte.com\\\/de\\\/produkt\\\/heinrich-zweigelt-2017-1500ml\\\/\"]}]},{\"@type\":\"ImageObject\",\"inLanguage\":\"de\",\"@id\":\"https:\\\/\\\/wein-werte.com\\\/de\\\/produkt\\\/heinrich-zweigelt-2017-1500ml\\\/#primaryimage\",\"url\":\"https:\\\/\\\/wein-werte.com\\\/wp-content\\\/uploads\\\/2026\\\/04\\\/Heinrich-Zweigelt-2017-1500ml.png\",\"contentUrl\":\"https:\\\/\\\/wein-werte.com\\\/wp-content\\\/uploads\\\/2026\\\/04\\\/Heinrich-Zweigelt-2017-1500ml.png\",\"width\":333,\"height\":1200,\"caption\":\"Heinrich Zweigelt 2017 1500ml\"},{\"@type\":\"BreadcrumbList\",\"@id\":\"https:\\\/\\\/wein-werte.com\\\/de\\\/produkt\\\/heinrich-zweigelt-2017-1500ml\\\/#breadcrumb\",\"itemListElement\":[{\"@type\":\"ListItem\",\"position\":1,\"name\":\"Home\",\"item\":\"https:\\\/\\\/wein-werte.com\\\/de\\\/\"},{\"@type\":\"ListItem\",\"position\":2,\"name\":\"Shop\",\"item\":\"https:\\\/\\\/wein-werte.com\\\/de\\\/shop\\\/\"},{\"@type\":\"ListItem\",\"position\":3,\"name\":\"Heinrich | Burgenland\\\/Neusiedlersee | Zweigelt | 2017 | 1500ml | bio\"}]},{\"@type\":\"WebSite\",\"@id\":\"https:\\\/\\\/wein-werte.com\\\/de\\\/#website\",\"url\":\"https:\\\/\\\/wein-werte.com\\\/de\\\/\",\"name\":\"Wein Werte\",\"description\":\"\",\"publisher\":{\"@id\":\"https:\\\/\\\/wein-werte.com\\\/de\\\/#organization\"},\"potentialAction\":[{\"@type\":\"SearchAction\",\"target\":{\"@type\":\"EntryPoint\",\"urlTemplate\":\"https:\\\/\\\/wein-werte.com\\\/de\\\/?s={search_term_string}\"},\"query-input\":{\"@type\":\"PropertyValueSpecification\",\"valueRequired\":true,\"valueName\":\"search_term_string\"}}],\"inLanguage\":\"de\"},{\"@type\":\"Organization\",\"@id\":\"https:\\\/\\\/wein-werte.com\\\/de\\\/#organization\",\"name\":\"Vins Fins Thorrold\",\"url\":\"https:\\\/\\\/wein-werte.com\\\/de\\\/\",\"logo\":{\"@type\":\"ImageObject\",\"inLanguage\":\"de\",\"@id\":\"https:\\\/\\\/wein-werte.com\\\/de\\\/#\\\/schema\\\/logo\\\/image\\\/\",\"url\":\"https:\\\/\\\/wein-werte.com\\\/wp-content\\\/uploads\\\/2023\\\/07\\\/Wein_werte_Logo700-1.png\",\"contentUrl\":\"https:\\\/\\\/wein-werte.com\\\/wp-content\\\/uploads\\\/2023\\\/07\\\/Wein_werte_Logo700-1.png\",\"width\":700,\"height\":272,\"caption\":\"Vins Fins Thorrold\"},\"image\":{\"@id\":\"https:\\\/\\\/wein-werte.com\\\/de\\\/#\\\/schema\\\/logo\\\/image\\\/\"}}]}<\/script>\n<!-- \/ Yoast SEO plugin. -->","yoast_head_json":{"title":"Heinrich Zweigelt 2017 1500ml","description":"Kaufe Heinrich Zweigelt 2017 (Zweigelt, trocken aus Burgenland\/Neusiedlersee, \u00d6sterreich) bei Wein Werte, Ihrem nachhaltigen Onlineshop.","robots":{"index":"index","follow":"follow","max-snippet":"max-snippet:-1","max-image-preview":"max-image-preview:large","max-video-preview":"max-video-preview:-1"},"canonical":"https:\/\/wein-werte.com\/de\/produkt\/heinrich-zweigelt-2017-1500ml\/","og_locale":"de_DE","og_type":"article","og_title":"Heinrich Zweigelt 2017 1500ml","og_description":"Kaufe Heinrich Zweigelt 2017 (Zweigelt, trocken aus Burgenland\/Neusiedlersee, \u00d6sterreich) bei Wein Werte, Ihrem nachhaltigen Onlineshop.","og_url":"https:\/\/wein-werte.com\/de\/produkt\/heinrich-zweigelt-2017-1500ml\/","og_site_name":"Wein Werte","og_image":[{"width":333,"height":1200,"url":"https:\/\/wein-werte.com\/wp-content\/uploads\/2026\/04\/Heinrich-Zweigelt-2017-1500ml.png","type":"image\/png"}],"twitter_card":"summary_large_image","twitter_misc":{"Gesch\u00e4tzte Lesezeit":"1\u00a0Minute"},"schema":{"@context":"https:\/\/schema.org","@graph":[{"@type":"WebPage","@id":"https:\/\/wein-werte.com\/de\/produkt\/heinrich-zweigelt-2017-1500ml\/","url":"https:\/\/wein-werte.com\/de\/produkt\/heinrich-zweigelt-2017-1500ml\/","name":"Heinrich Zweigelt 2017 1500ml","isPartOf":{"@id":"https:\/\/wein-werte.com\/de\/#website"},"primaryImageOfPage":{"@id":"https:\/\/wein-werte.com\/de\/produkt\/heinrich-zweigelt-2017-1500ml\/#primaryimage"},"image":{"@id":"https:\/\/wein-werte.com\/de\/produkt\/heinrich-zweigelt-2017-1500ml\/#primaryimage"},"thumbnailUrl":"https:\/\/wein-werte.com\/wp-content\/uploads\/2026\/04\/Heinrich-Zweigelt-2017-1500ml.png","datePublished":"2026-05-17T10:28:13+00:00","description":"Kaufe Heinrich Zweigelt 2017 (Zweigelt, trocken aus Burgenland\/Neusiedlersee, \u00d6sterreich) bei Wein Werte, Ihrem nachhaltigen Onlineshop.","breadcrumb":{"@id":"https:\/\/wein-werte.com\/de\/produkt\/heinrich-zweigelt-2017-1500ml\/#breadcrumb"},"inLanguage":"de","potentialAction":[{"@type":"ReadAction","target":["https:\/\/wein-werte.com\/de\/produkt\/heinrich-zweigelt-2017-1500ml\/"]}]},{"@type":"ImageObject","inLanguage":"de","@id":"https:\/\/wein-werte.com\/de\/produkt\/heinrich-zweigelt-2017-1500ml\/#primaryimage","url":"https:\/\/wein-werte.com\/wp-content\/uploads\/2026\/04\/Heinrich-Zweigelt-2017-1500ml.png","contentUrl":"https:\/\/wein-werte.com\/wp-content\/uploads\/2026\/04\/Heinrich-Zweigelt-2017-1500ml.png","width":333,"height":1200,"caption":"Heinrich Zweigelt 2017 1500ml"},{"@type":"BreadcrumbList","@id":"https:\/\/wein-werte.com\/de\/produkt\/heinrich-zweigelt-2017-1500ml\/#breadcrumb","itemListElement":[{"@type":"ListItem","position":1,"name":"Home","item":"https:\/\/wein-werte.com\/de\/"},{"@type":"ListItem","position":2,"name":"Shop","item":"https:\/\/wein-werte.com\/de\/shop\/"},{"@type":"ListItem","position":3,"name":"Heinrich | Burgenland\/Neusiedlersee | Zweigelt | 2017 | 1500ml | bio"}]},{"@type":"WebSite","@id":"https:\/\/wein-werte.com\/de\/#website","url":"https:\/\/wein-werte.com\/de\/","name":"Wein Werte","description":"","publisher":{"@id":"https:\/\/wein-werte.com\/de\/#organization"},"potentialAction":[{"@type":"SearchAction","target":{"@type":"EntryPoint","urlTemplate":"https:\/\/wein-werte.com\/de\/?s={search_term_string}"},"query-input":{"@type":"PropertyValueSpecification","valueRequired":true,"valueName":"search_term_string"}}],"inLanguage":"de"},{"@type":"Organization","@id":"https:\/\/wein-werte.com\/de\/#organization","name":"Vins Fins Thorrold","url":"https:\/\/wein-werte.com\/de\/","logo":{"@type":"ImageObject","inLanguage":"de","@id":"https:\/\/wein-werte.com\/de\/#\/schema\/logo\/image\/","url":"https:\/\/wein-werte.com\/wp-content\/uploads\/2023\/07\/Wein_werte_Logo700-1.png","contentUrl":"https:\/\/wein-werte.com\/wp-content\/uploads\/2023\/07\/Wein_werte_Logo700-1.png","width":700,"height":272,"caption":"Vins Fins Thorrold"},"image":{"@id":"https:\/\/wein-werte.com\/de\/#\/schema\/logo\/image\/"}}]}},"_links":{"self":[{"href":"https:\/\/wein-werte.com\/de\/wp-json\/wp\/v2\/product\/1125414","targetHints":{"allow":["GET"]}}],"collection":[{"href":"https:\/\/wein-werte.com\/de\/wp-json\/wp\/v2\/product"}],"about":[{"href":"https:\/\/wein-werte.com\/de\/wp-json\/wp\/v2\/types\/product"}],"wp:featuredmedia":[{"embeddable":true,"href":"https:\/\/wein-werte.com\/de\/wp-json\/wp\/v2\/media\/1137796"}],"wp:attachment":[{"href":"https:\/\/wein-werte.com\/de\/wp-json\/wp\/v2\/media?parent=1125414"}],"wp:term":[{"taxonomy":"product_brand","embeddable":true,"href":"https:\/\/wein-werte.com\/de\/wp-json\/wp\/v2\/product_brand?post=1125414"},{"taxonomy":"product_cat","embeddable":true,"href":"https:\/\/wein-werte.com\/de\/wp-json\/wp\/v2\/product_cat?post=1125414"},{"taxonomy":"product_tag","embeddable":true,"href":"https:\/\/wein-werte.com\/de\/wp-json\/wp\/v2\/product_tag?post=1125414"}],"curies":[{"name":"wp","href":"https:\/\/api.w.org\/{rel}","templated":true}]}}