{"id":1125357,"date":"2026-04-24T17:00:49","date_gmt":"2026-04-24T15:00:49","guid":{"rendered":"https:\/\/wein-werte.com\/product\/clemens-krutzler-rose-2024-750ml-2\/"},"modified":"2026-04-24T17:26:26","modified_gmt":"2026-04-24T15:26:26","slug":"clemens-krutzler-rose-2024-750ml","status":"publish","type":"product","link":"https:\/\/wein-werte.com\/de\/produkt\/clemens-krutzler-rose-2024-750ml\/","title":{"rendered":"Clemens Krutzler | Burgenland\/Neusiedlersee | Ros\u00e9 | 2024 | 750ml"},"content":{"rendered":"<p>Produktbeschreibung f\u00fcr Clemens Krutzler Ros\u00e9 2024 <\/p>\n<p>Clemens Krutzler Ros\u00e9 2024 ist ein trockener Ros\u00e9wein hergestellt aus Blaufr\u00e4nkisch Trauben in der Region Burgenland\/Neusiedlersee in \u00d6sterreich.<\/p>\n<p>Keywords: <a href=\"https:\/\/wein-werte.com\/de\/shop\/?swoof=1&#038;pa_producer=Clemens-Krutzler\">Clemens Krutzler<\/a> <a href=\"https:\/\/wein-werte.com\/de\/shop\/?swoof=1&#038;woof_text=Ros\u00e9\">Ros\u00e9<\/a> 2024  <a href=\"https:\/\/wein-werte.com\/de\/shop\/?swoof=1&#038;pa_region=Burgenland\/Neusiedlersee\">Burgenland\/Neusiedlersee<\/a> <a href=\"https:\/\/wein-werte.com\/de\/shop\/?swoof=1&#038;pa_country=\u00d6sterreich\">\u00d6sterreich<\/a><\/p>\n<p>Internetseite des Weinguts: <a href=\"https:\/\/krutzler.at\/\" target=\"_blank\">https:\/\/krutzler.at\/<\/a><\/p>\n","protected":false},"excerpt":{"rendered":"<p>Lieferzeit: 1 bis 2 Arbeitstage (DE), 2 bis 5 Arbeitstage (EU and CH)<\/p>\n","protected":false},"featured_media":1137754,"template":"","meta":[],"product_brand":[],"product_cat":[19],"product_tag":[],"class_list":{"0":"post-1125357","1":"product","2":"type-product","3":"status-publish","4":"has-post-thumbnail","6":"product_cat-unkategorisiert","7":"pa_alcohol-for-filter-12-5","8":"pa_certified-biodynamic-nein-de","9":"pa_certified-organic-nein-de","10":"pa_colour-rose-de","11":"pa_country-osterreich","12":"pa_grape-blaufrankisch-lemberger","13":"pa_price-for-filter-10575","14":"pa_producer-clemens-krutzler","15":"pa_region-burgenland-neusiedlersee","16":"pa_size-ml-6584","17":"pa_sweetness-trocken-de","18":"pa_type-2-still-de","19":"pa_vintage-2024-de","20":"entry","21":"has-media","23":"first","24":"instock","25":"taxable","26":"shipping-taxable","27":"purchasable","28":"product-type-simple"},"yoast_head":"<!-- This site is optimized with the Yoast SEO plugin v27.4 - https:\/\/yoast.com\/product\/yoast-seo-wordpress\/ -->\n<title>Clemens Krutzler Ros\u00e9 2024<\/title>\n<meta name=\"description\" content=\"Kaufe Clemens Krutzler Ros\u00e9 2024 (Blaufr\u00e4nkisch, trocken aus Burgenland\/Neusiedlersee, \u00d6sterreich) bei Wein Werte, Ihrem nachhaltigen Onlineshop.\" \/>\n<meta name=\"robots\" content=\"index, follow, max-snippet:-1, max-image-preview:large, max-video-preview:-1\" \/>\n<link rel=\"canonical\" href=\"https:\/\/wein-werte.com\/de\/produkt\/clemens-krutzler-rose-2024-750ml\/\" \/>\n<meta property=\"og:locale\" content=\"de_DE\" \/>\n<meta property=\"og:type\" content=\"article\" \/>\n<meta property=\"og:title\" content=\"Clemens Krutzler Ros\u00e9 2024\" \/>\n<meta property=\"og:description\" content=\"Kaufe Clemens Krutzler Ros\u00e9 2024 (Blaufr\u00e4nkisch, trocken aus Burgenland\/Neusiedlersee, \u00d6sterreich) bei Wein Werte, Ihrem nachhaltigen Onlineshop.\" \/>\n<meta property=\"og:url\" content=\"https:\/\/wein-werte.com\/de\/produkt\/clemens-krutzler-rose-2024-750ml\/\" \/>\n<meta property=\"og:site_name\" content=\"Wein Werte\" \/>\n<meta property=\"article:modified_time\" content=\"2026-04-24T15:26:26+00:00\" \/>\n<meta property=\"og:image\" content=\"https:\/\/wein-werte.com\/wp-content\/uploads\/2026\/04\/Clemens-Krutzler-Rose-2024-750ml-2.png\" \/>\n\t<meta property=\"og:image:width\" content=\"323\" \/>\n\t<meta property=\"og:image:height\" content=\"1200\" \/>\n\t<meta property=\"og:image:type\" content=\"image\/png\" \/>\n<meta name=\"twitter:card\" content=\"summary_large_image\" \/>\n<script type=\"application\/ld+json\" class=\"yoast-schema-graph\">{\"@context\":\"https:\\\/\\\/schema.org\",\"@graph\":[{\"@type\":\"WebPage\",\"@id\":\"https:\\\/\\\/wein-werte.com\\\/de\\\/produkt\\\/clemens-krutzler-rose-2024-750ml\\\/\",\"url\":\"https:\\\/\\\/wein-werte.com\\\/de\\\/produkt\\\/clemens-krutzler-rose-2024-750ml\\\/\",\"name\":\"Clemens Krutzler Ros\u00e9 2024\",\"isPartOf\":{\"@id\":\"https:\\\/\\\/wein-werte.com\\\/#website\"},\"primaryImageOfPage\":{\"@id\":\"https:\\\/\\\/wein-werte.com\\\/de\\\/produkt\\\/clemens-krutzler-rose-2024-750ml\\\/#primaryimage\"},\"image\":{\"@id\":\"https:\\\/\\\/wein-werte.com\\\/de\\\/produkt\\\/clemens-krutzler-rose-2024-750ml\\\/#primaryimage\"},\"thumbnailUrl\":\"https:\\\/\\\/wein-werte.com\\\/wp-content\\\/uploads\\\/2026\\\/04\\\/Clemens-Krutzler-Rose-2024-750ml-2.png\",\"datePublished\":\"2026-04-24T15:00:49+00:00\",\"dateModified\":\"2026-04-24T15:26:26+00:00\",\"description\":\"Kaufe Clemens Krutzler Ros\u00e9 2024 (Blaufr\u00e4nkisch, trocken aus Burgenland\\\/Neusiedlersee, \u00d6sterreich) bei Wein Werte, Ihrem nachhaltigen Onlineshop.\",\"breadcrumb\":{\"@id\":\"https:\\\/\\\/wein-werte.com\\\/de\\\/produkt\\\/clemens-krutzler-rose-2024-750ml\\\/#breadcrumb\"},\"inLanguage\":\"de-DE-formal\",\"potentialAction\":[{\"@type\":\"ReadAction\",\"target\":[\"https:\\\/\\\/wein-werte.com\\\/de\\\/produkt\\\/clemens-krutzler-rose-2024-750ml\\\/\"]}]},{\"@type\":\"ImageObject\",\"inLanguage\":\"de-DE-formal\",\"@id\":\"https:\\\/\\\/wein-werte.com\\\/de\\\/produkt\\\/clemens-krutzler-rose-2024-750ml\\\/#primaryimage\",\"url\":\"https:\\\/\\\/wein-werte.com\\\/wp-content\\\/uploads\\\/2026\\\/04\\\/Clemens-Krutzler-Rose-2024-750ml-2.png\",\"contentUrl\":\"https:\\\/\\\/wein-werte.com\\\/wp-content\\\/uploads\\\/2026\\\/04\\\/Clemens-Krutzler-Rose-2024-750ml-2.png\",\"width\":323,\"height\":1200,\"caption\":\"Clemens Krutzler Ros\u00e9 2024 750ml\"},{\"@type\":\"BreadcrumbList\",\"@id\":\"https:\\\/\\\/wein-werte.com\\\/de\\\/produkt\\\/clemens-krutzler-rose-2024-750ml\\\/#breadcrumb\",\"itemListElement\":[{\"@type\":\"ListItem\",\"position\":1,\"name\":\"Home\",\"item\":\"https:\\\/\\\/wein-werte.com\\\/de\\\/\"},{\"@type\":\"ListItem\",\"position\":2,\"name\":\"Shops\",\"item\":\"https:\\\/\\\/wein-werte.com\\\/de\\\/shop\\\/\"},{\"@type\":\"ListItem\",\"position\":3,\"name\":\"Clemens Krutzler | Burgenland\\\/Neusiedlersee | Ros\u00e9 | 2024 | 750ml\"}]},{\"@type\":\"WebSite\",\"@id\":\"https:\\\/\\\/wein-werte.com\\\/#website\",\"url\":\"https:\\\/\\\/wein-werte.com\\\/\",\"name\":\"Wein Werte\",\"description\":\"\",\"publisher\":{\"@id\":\"https:\\\/\\\/wein-werte.com\\\/#organization\"},\"potentialAction\":[{\"@type\":\"SearchAction\",\"target\":{\"@type\":\"EntryPoint\",\"urlTemplate\":\"https:\\\/\\\/wein-werte.com\\\/?s={search_term_string}\"},\"query-input\":{\"@type\":\"PropertyValueSpecification\",\"valueRequired\":true,\"valueName\":\"search_term_string\"}}],\"inLanguage\":\"de-DE-formal\"},{\"@type\":\"Organization\",\"@id\":\"https:\\\/\\\/wein-werte.com\\\/#organization\",\"name\":\"Vins Fins Thorrold\",\"url\":\"https:\\\/\\\/wein-werte.com\\\/\",\"logo\":{\"@type\":\"ImageObject\",\"inLanguage\":\"de-DE-formal\",\"@id\":\"https:\\\/\\\/wein-werte.com\\\/#\\\/schema\\\/logo\\\/image\\\/\",\"url\":\"https:\\\/\\\/wein-werte.com\\\/wp-content\\\/uploads\\\/2023\\\/07\\\/Wein_werte_Logo700-1.png\",\"contentUrl\":\"https:\\\/\\\/wein-werte.com\\\/wp-content\\\/uploads\\\/2023\\\/07\\\/Wein_werte_Logo700-1.png\",\"width\":700,\"height\":272,\"caption\":\"Vins Fins Thorrold\"},\"image\":{\"@id\":\"https:\\\/\\\/wein-werte.com\\\/#\\\/schema\\\/logo\\\/image\\\/\"}}]}<\/script>\n<!-- \/ Yoast SEO plugin. -->","yoast_head_json":{"title":"Clemens Krutzler Ros\u00e9 2024","description":"Kaufe Clemens Krutzler Ros\u00e9 2024 (Blaufr\u00e4nkisch, trocken aus Burgenland\/Neusiedlersee, \u00d6sterreich) bei Wein Werte, Ihrem nachhaltigen Onlineshop.","robots":{"index":"index","follow":"follow","max-snippet":"max-snippet:-1","max-image-preview":"max-image-preview:large","max-video-preview":"max-video-preview:-1"},"canonical":"https:\/\/wein-werte.com\/de\/produkt\/clemens-krutzler-rose-2024-750ml\/","og_locale":"de_DE","og_type":"article","og_title":"Clemens Krutzler Ros\u00e9 2024","og_description":"Kaufe Clemens Krutzler Ros\u00e9 2024 (Blaufr\u00e4nkisch, trocken aus Burgenland\/Neusiedlersee, \u00d6sterreich) bei Wein Werte, Ihrem nachhaltigen Onlineshop.","og_url":"https:\/\/wein-werte.com\/de\/produkt\/clemens-krutzler-rose-2024-750ml\/","og_site_name":"Wein Werte","article_modified_time":"2026-04-24T15:26:26+00:00","og_image":[{"width":323,"height":1200,"url":"https:\/\/wein-werte.com\/wp-content\/uploads\/2026\/04\/Clemens-Krutzler-Rose-2024-750ml-2.png","type":"image\/png"}],"twitter_card":"summary_large_image","schema":{"@context":"https:\/\/schema.org","@graph":[{"@type":"WebPage","@id":"https:\/\/wein-werte.com\/de\/produkt\/clemens-krutzler-rose-2024-750ml\/","url":"https:\/\/wein-werte.com\/de\/produkt\/clemens-krutzler-rose-2024-750ml\/","name":"Clemens Krutzler Ros\u00e9 2024","isPartOf":{"@id":"https:\/\/wein-werte.com\/#website"},"primaryImageOfPage":{"@id":"https:\/\/wein-werte.com\/de\/produkt\/clemens-krutzler-rose-2024-750ml\/#primaryimage"},"image":{"@id":"https:\/\/wein-werte.com\/de\/produkt\/clemens-krutzler-rose-2024-750ml\/#primaryimage"},"thumbnailUrl":"https:\/\/wein-werte.com\/wp-content\/uploads\/2026\/04\/Clemens-Krutzler-Rose-2024-750ml-2.png","datePublished":"2026-04-24T15:00:49+00:00","dateModified":"2026-04-24T15:26:26+00:00","description":"Kaufe Clemens Krutzler Ros\u00e9 2024 (Blaufr\u00e4nkisch, trocken aus Burgenland\/Neusiedlersee, \u00d6sterreich) bei Wein Werte, Ihrem nachhaltigen Onlineshop.","breadcrumb":{"@id":"https:\/\/wein-werte.com\/de\/produkt\/clemens-krutzler-rose-2024-750ml\/#breadcrumb"},"inLanguage":"de-DE-formal","potentialAction":[{"@type":"ReadAction","target":["https:\/\/wein-werte.com\/de\/produkt\/clemens-krutzler-rose-2024-750ml\/"]}]},{"@type":"ImageObject","inLanguage":"de-DE-formal","@id":"https:\/\/wein-werte.com\/de\/produkt\/clemens-krutzler-rose-2024-750ml\/#primaryimage","url":"https:\/\/wein-werte.com\/wp-content\/uploads\/2026\/04\/Clemens-Krutzler-Rose-2024-750ml-2.png","contentUrl":"https:\/\/wein-werte.com\/wp-content\/uploads\/2026\/04\/Clemens-Krutzler-Rose-2024-750ml-2.png","width":323,"height":1200,"caption":"Clemens Krutzler Ros\u00e9 2024 750ml"},{"@type":"BreadcrumbList","@id":"https:\/\/wein-werte.com\/de\/produkt\/clemens-krutzler-rose-2024-750ml\/#breadcrumb","itemListElement":[{"@type":"ListItem","position":1,"name":"Home","item":"https:\/\/wein-werte.com\/de\/"},{"@type":"ListItem","position":2,"name":"Shops","item":"https:\/\/wein-werte.com\/de\/shop\/"},{"@type":"ListItem","position":3,"name":"Clemens Krutzler | Burgenland\/Neusiedlersee | Ros\u00e9 | 2024 | 750ml"}]},{"@type":"WebSite","@id":"https:\/\/wein-werte.com\/#website","url":"https:\/\/wein-werte.com\/","name":"Wein Werte","description":"","publisher":{"@id":"https:\/\/wein-werte.com\/#organization"},"potentialAction":[{"@type":"SearchAction","target":{"@type":"EntryPoint","urlTemplate":"https:\/\/wein-werte.com\/?s={search_term_string}"},"query-input":{"@type":"PropertyValueSpecification","valueRequired":true,"valueName":"search_term_string"}}],"inLanguage":"de-DE-formal"},{"@type":"Organization","@id":"https:\/\/wein-werte.com\/#organization","name":"Vins Fins Thorrold","url":"https:\/\/wein-werte.com\/","logo":{"@type":"ImageObject","inLanguage":"de-DE-formal","@id":"https:\/\/wein-werte.com\/#\/schema\/logo\/image\/","url":"https:\/\/wein-werte.com\/wp-content\/uploads\/2023\/07\/Wein_werte_Logo700-1.png","contentUrl":"https:\/\/wein-werte.com\/wp-content\/uploads\/2023\/07\/Wein_werte_Logo700-1.png","width":700,"height":272,"caption":"Vins Fins Thorrold"},"image":{"@id":"https:\/\/wein-werte.com\/#\/schema\/logo\/image\/"}}]}},"_links":{"self":[{"href":"https:\/\/wein-werte.com\/de\/wp-json\/wp\/v2\/product\/1125357","targetHints":{"allow":["GET"]}}],"collection":[{"href":"https:\/\/wein-werte.com\/de\/wp-json\/wp\/v2\/product"}],"about":[{"href":"https:\/\/wein-werte.com\/de\/wp-json\/wp\/v2\/types\/product"}],"wp:featuredmedia":[{"embeddable":true,"href":"https:\/\/wein-werte.com\/de\/wp-json\/wp\/v2\/media\/1137754"}],"wp:attachment":[{"href":"https:\/\/wein-werte.com\/de\/wp-json\/wp\/v2\/media?parent=1125357"}],"wp:term":[{"taxonomy":"product_brand","embeddable":true,"href":"https:\/\/wein-werte.com\/de\/wp-json\/wp\/v2\/product_brand?post=1125357"},{"taxonomy":"product_cat","embeddable":true,"href":"https:\/\/wein-werte.com\/de\/wp-json\/wp\/v2\/product_cat?post=1125357"},{"taxonomy":"product_tag","embeddable":true,"href":"https:\/\/wein-werte.com\/de\/wp-json\/wp\/v2\/product_tag?post=1125357"}],"curies":[{"name":"wp","href":"https:\/\/api.w.org\/{rel}","templated":true}]}}