{"id":33956,"date":"2022-08-31T13:18:37","date_gmt":"2022-08-31T11:18:37","guid":{"rendered":"https:\/\/wein-werte.com\/?page_id=33956"},"modified":"2026-04-09T18:13:54","modified_gmt":"2026-04-09T16:13:54","slug":"versand","status":"publish","type":"page","link":"https:\/\/wein-werte.com\/de\/versand\/","title":{"rendered":"Versand"},"content":{"rendered":"<div class=\"wpb-content-wrapper\">[vc_row][vc_column]<div class=\"vcex-spacing wpex-w-100 wpex-clear\" style=\"height:50px;\"><\/div><h2 class=\"vcex-heading vcex-heading-plain vcex-module wpex-heading wpex-text-2xl wpex-text-center\"><span class=\"vcex-heading-inner wpex-inline-block\">Preise, Lieferkosten und Versand<\/span><\/h2><div class=\"vcex-spacing wpex-w-100 wpex-clear\"><\/div>[vc_column_text css=&#8221;&#8221;]<strong>Preise f\u00fcr Deutschland, die \u00fcbrige EU, die Schweiz und Liechtenstein<\/strong><br \/>\nDie auf den Produktseiten genannten Preise enthalten die gesetzliche Mehrwertsteuer und sonstige Preisbestandteile f\u00fcr die Lieferung nach Deutschland, in die \u00fcbrige EU , in die Schweiz und nach Liechtenstein. Die Preise inkl. Mehrwertsteuer sind f\u00fcr alle Kunden in Deutschland, der Schweiz und Liechtenstein gleich \u2013 die Differenz zwischen deutscher und Schweizer Mehrwertsteuer wird verwendet, um die Kosten f\u00fcr Zoll und Verzollung bei Lieferungen in die Schweiz und nach Liechtenstein teilweise auszugleichen.<\/p>\n<p><strong>Logistikpartner<\/strong><br \/>\nF\u00fcr Lieferungen in die Schweiz sowie andere europ\u00e4ische L\u00e4nder benutzen wir ausschliesslich UPS. Daher k\u00f6nnen wir an keine Filialen der Deutsche Post liefern.<\/p>\n<p><strong>Preise f\u00fcr die USA, Neuseeland und andere Nicht-EU-L\u00e4nder au\u00dfer der Schweiz und Liechtenstein<\/strong><br \/>\nDie Preise sind steuerfrei f\u00fcr Lieferungen in die USA \u2013 Umsatzsteuer und Zoll sind in den Lieferkosten enthalten, die beim Bezahlen berechnet werden. Die Preise sind auch steuerfrei f\u00fcr Lieferungen nach Neuseeland \u2013 Umsatzsteuer und Zoll werden dem Kunden von der neuseel\u00e4ndischen Zollbeh\u00f6rde in Rechnung gestellt. Die Preise f\u00fcr andere Nicht-EU-L\u00e4nder mit Ausnahme der Schweiz und Liechtenstein werden steuerfrei angezeigt. Eine Lieferung ist jedoch nicht in alle L\u00e4nder m\u00f6glich. Bitte kontaktieren Sie uns daher mit Ihrer Bestellanfrage, wenn Sie eine Lieferung in eines dieser L\u00e4nder w\u00fcnschen.<\/p>\n<p><strong>Gr\u00f6\u00dfe der Kartons<\/strong><br \/>\nWir beschr\u00e4nken die Gr\u00f6\u00dfe unserer Kartons auf 12 Flaschen, um die langfristige Gesundheit der Zustellfahrer unserer Partner zu gew\u00e4hrleisten.<\/p>\n<p><strong>Lieferung nach Deutschland und in die \u00fcbrige EU<\/strong><br \/>\nDie Versandkosten betragen 7 \u20ac pro Karton f\u00fcr Lieferungen an eine Adresse in Deutschland (ausgenommen Inseln), ab einem Bestellwert von 100 \u20ac ist die Lieferung kostenlos. Die Versandkosten betragen 18 \u20ac pro Karton f\u00fcr Lieferungen an eine Adresse im Rest der EU (ausgenommen Inseln und Irland), ab einem Bestellwert von 350 \u20ac ist die Lieferung kostenlos. Die Lieferung nach Irland kostet 25 \u20ac pro Paket, ab einem Bestellwert von 400 \u20ac ist die Lieferung kostenlos. Bitte beachten Sie, dass wir nicht nach Schweden liefern k\u00f6nnen.<\/p>\n<p><strong>Lieferung in die Schweiz und nach Liechtenstein<\/strong><br \/>\nLieferungen in die Schweiz und nach Liechtenstein werden in unserem Online-Shop mit Schweizer Mehrwertsteuer berechnet und beinhalten Z\u00f6lle und Zollabfertigung \u2013 alle Kosten sind somit in der Zahlung zum Zeitpunkt des Kaufs enthalten. Die Versandkosten sinken mit dem Bestellwert stufenweise wie folgt:<\/p>\n<table style=\"border-collapse: collapse; width: 100%;\">\n<tbody>\n<tr>\n<td style=\"border: 1px solid #ccc;\">unter CHF 100<\/td>\n<td style=\"border: 1px solid #ccc; text-align: right;\">CHF 75<\/td>\n<\/tr>\n<tr>\n<td style=\"border: 1px solid #ccc;\">CHF 100 bis CHF 199.99<\/td>\n<td style=\"border: 1px solid #ccc; text-align: right;\">CHF 60<\/td>\n<\/tr>\n<tr>\n<td style=\"border: 1px solid #ccc;\">CHF 200 bis CHF 299.99<\/td>\n<td style=\"border: 1px solid #ccc; text-align: right;\">CHF 45<\/td>\n<\/tr>\n<tr>\n<td style=\"border: 1px solid #ccc;\">CHF 300 bis CHF 399.99<\/td>\n<td style=\"border: 1px solid #ccc; text-align: right;\">CHF 30<\/td>\n<\/tr>\n<tr>\n<td style=\"border: 1px solid #ccc;\">CHF 400 bis CHF 499.99<\/td>\n<td style=\"border: 1px solid #ccc; text-align: right;\">CHF 15<\/td>\n<\/tr>\n<tr>\n<td style=\"border: 1px solid #ccc;\">CHF 500 und mehr<\/td>\n<td style=\"border: 1px solid #ccc; text-align: right;\">FREI HAUS<\/td>\n<\/tr>\n<\/tbody>\n<\/table>\n<p>&nbsp;<\/p>\n<p><strong>R\u00fcckerstattung der deutschen Mehrwertsteuer f\u00fcr Kunden aus der Schweiz und Liechtenstein<\/strong><br \/>\nKunden mit Wohnsitz in der Schweiz oder in Liechtenstein k\u00f6nnen w\u00e4hrend des Online-Bestellvorgangs eine Lieferung an eine Adresse in der EU veranlassen. In diesem Fall wird die deutsche Mehrwertsteuer berechnet. Um eine Mehrwertsteuerr\u00fcckerstattung zu beantragen, senden Sie bitte Ihre Bankverbindung (CHF oder EUR) und die entsprechende(n) Rechnung(en) mit dem Stempel der EU-Zollstelle am Ort der Einreise in die Schweiz oder nach Liechtenstein an die folgende Adresse:<\/p>\n<p>Craig Thorrold<br \/>\nObere Weid 21<br \/>\n4125 Riehen<br \/>\nSchweiz<\/p>\n<p><strong>Lieferung in die USA<\/strong><br \/>\nWir versenden derzeit einmal im Jahr in die USA. In der Zeit zwischen unseren Lieferungen arbeiten wir mit einem Logistikpartner in Frankreich zusammen, um per Seefracht zu versenden. Die Versandkosten betragen 180 \u20ac f\u00fcr den ersten Karton mit bis zu 12 Flaschen und 90 \u20ac pro sechs Flaschen f\u00fcr weitere Kartons. Die Preise f\u00fcr den Express-Luftfrachtversand sind auf Anfrage erh\u00e4ltlich. Alle Sendungen sind voll versichert. Bitte beachten Sie, dass kein Versand nach Mississippi und Utah m\u00f6glich ist und dass f\u00fcr den Versand nach Alabama, Alaska, Hawaii und New Hampshire zus\u00e4tzliche Geb\u00fchren anfallen. Einzelheiten zu diesen zus\u00e4tzlichen Geb\u00fchren sind auf Anfrage erh\u00e4ltlich.<\/p>\n<p>Kunden k\u00f6nnen Bestellungen von anderen H\u00e4ndlern oder Weing\u00fctern in unserem Lager f\u00fcr den Versand in die USA zusammenfassen. F\u00fcr diesen Service wird eine Geb\u00fchr von 5 \u20ac pro Karton zuz\u00fcglich 4,5 % des Rechnungswerts der Waren erhoben. Bitte kontaktieren Sie uns f\u00fcr weitere Informationen.<\/p>\n<p><strong>Lieferzeiten<\/strong><br \/>\nDie angegebenen Lieferzeiten f\u00fcr die Produkte beginnen am Tag nach dem Tag des Vertragsabschlusses oder, im Falle eines Zahlungsauftrags, an dem Tag, an dem die Zahlung auf unserem Bankkonto eingeht. F\u00e4llt der letzte Tag der Lieferfrist auf einen Samstag, Sonntag oder einen staatlich anerkannten Feiertag am Empfangsort, so wird dieser Tag durch den n\u00e4chsten Werktag ersetzt. Wir streben eine Lieferung innerhalb von 3 Werktagen an Adressen in Deutschland, innerhalb von 5 Werktagen an Adressen im Rest der EU und innerhalb von 5 Werktagen an Adressen in der Schweiz und in Liechtenstein an.<\/p>\n<p>Die Lieferung in die USA h\u00e4ngt von den Versandpl\u00e4nen unserer Logistikpartner ab. Die Lieferzeit kann zwischen 8 und 12 Wochen variieren.<\/p>\n<p>Die Lieferung nach Neuseeland erfolgt per DHL-Luftfracht. Die Lieferzeit kann zwischen 1 und 3 Wochen variieren.<\/p>\n<p><strong>Lieferung in andere L\u00e4nder<\/strong><br \/>\nF\u00fcr Lieferoptionen in andere L\u00e4nder kontaktieren Sie uns bitte.<\/p>\n<p><strong>CO\u2082-kompensierte Sendungen<\/strong><br \/>\nAlle Pakete mit Lieferadresse in Europa werden CO\u2082-kompensiert zugestellt. Dies ist eine pr\u00e4zisere Bezeichnung als \u201eklimaneutral\u201c, da es sehr schwierig ist, die tats\u00e4chliche Klimaneutralit\u00e4t von Dienstleistungen und Produkten zu \u00fcberpr\u00fcfen, die behaupten, dieses Ziel ganz oder teilweise durch CO\u2082-Kompensation zu erreichen.[\/vc_column_text][\/vc_column][\/vc_row]\n<\/div>","protected":false},"excerpt":{"rendered":"<p>[vc_row][vc_column][vc_column_text css=&#8221;&#8221;]Preise f\u00fcr Deutschland, die \u00fcbrige EU, die Schweiz und Liechtenstein Die auf den Produktseiten genannten Preise enthalten die gesetzliche Mehrwertsteuer und sonstige Preisbestandteile f\u00fcr die Lieferung nach Deutschland, in die \u00fcbrige EU , in die Schweiz und nach Liechtenstein. Die Preise inkl. Mehrwertsteuer sind f\u00fcr alle Kunden in Deutschland, der Schweiz und Liechtenstein gleich&hellip;<\/p>\n","protected":false},"author":1,"featured_media":0,"parent":0,"menu_order":0,"comment_status":"closed","ping_status":"closed","template":"","meta":{"footnotes":""},"class_list":["post-33956","page","type-page","status-publish","hentry","entry","no-media"],"yoast_head":"<!-- This site is optimized with the Yoast SEO plugin v27.5 - https:\/\/yoast.com\/product\/yoast-seo-wordpress\/ -->\n<title>Versand - Wein Werte<\/title>\n<meta name=\"robots\" content=\"index, follow, max-snippet:-1, max-image-preview:large, max-video-preview:-1\" \/>\n<link rel=\"canonical\" href=\"https:\/\/wein-werte.com\/de\/versand\/\" \/>\n<meta property=\"og:locale\" content=\"de_DE\" \/>\n<meta property=\"og:type\" content=\"article\" \/>\n<meta property=\"og:title\" content=\"Versand - Wein Werte\" \/>\n<meta property=\"og:description\" content=\"[vc_row][vc_column][vc_column_text css=&#8221;&#8221;]Preise f\u00fcr Deutschland, die \u00fcbrige EU, die Schweiz und Liechtenstein Die auf den Produktseiten genannten Preise enthalten die gesetzliche Mehrwertsteuer und sonstige Preisbestandteile f\u00fcr die Lieferung nach Deutschland, in die \u00fcbrige EU , in die Schweiz und nach Liechtenstein. Die Preise inkl. Mehrwertsteuer sind f\u00fcr alle Kunden in Deutschland, der Schweiz und Liechtenstein gleich&hellip;\" \/>\n<meta property=\"og:url\" content=\"https:\/\/wein-werte.com\/de\/versand\/\" \/>\n<meta property=\"og:site_name\" content=\"Wein Werte\" \/>\n<meta property=\"article:modified_time\" content=\"2026-04-09T16:13:54+00:00\" \/>\n<meta name=\"twitter:card\" content=\"summary_large_image\" \/>\n<meta name=\"twitter:label1\" content=\"Gesch\u00e4tzte Lesezeit\" \/>\n\t<meta name=\"twitter:data1\" content=\"4\u00a0Minuten\" \/>\n<script type=\"application\/ld+json\" class=\"yoast-schema-graph\">{\"@context\":\"https:\\\/\\\/schema.org\",\"@graph\":[{\"@type\":\"WebPage\",\"@id\":\"https:\\\/\\\/wein-werte.com\\\/de\\\/versand\\\/\",\"url\":\"https:\\\/\\\/wein-werte.com\\\/de\\\/versand\\\/\",\"name\":\"Versand - Wein Werte\",\"isPartOf\":{\"@id\":\"https:\\\/\\\/wein-werte.com\\\/de\\\/#website\"},\"datePublished\":\"2022-08-31T11:18:37+00:00\",\"dateModified\":\"2026-04-09T16:13:54+00:00\",\"breadcrumb\":{\"@id\":\"https:\\\/\\\/wein-werte.com\\\/de\\\/versand\\\/#breadcrumb\"},\"inLanguage\":\"de\",\"potentialAction\":[{\"@type\":\"ReadAction\",\"target\":[\"https:\\\/\\\/wein-werte.com\\\/de\\\/versand\\\/\"]}]},{\"@type\":\"BreadcrumbList\",\"@id\":\"https:\\\/\\\/wein-werte.com\\\/de\\\/versand\\\/#breadcrumb\",\"itemListElement\":[{\"@type\":\"ListItem\",\"position\":1,\"name\":\"Home\",\"item\":\"https:\\\/\\\/wein-werte.com\\\/de\\\/\"},{\"@type\":\"ListItem\",\"position\":2,\"name\":\"Versand\"}]},{\"@type\":\"WebSite\",\"@id\":\"https:\\\/\\\/wein-werte.com\\\/de\\\/#website\",\"url\":\"https:\\\/\\\/wein-werte.com\\\/de\\\/\",\"name\":\"Wein Werte\",\"description\":\"\",\"publisher\":{\"@id\":\"https:\\\/\\\/wein-werte.com\\\/de\\\/#organization\"},\"potentialAction\":[{\"@type\":\"SearchAction\",\"target\":{\"@type\":\"EntryPoint\",\"urlTemplate\":\"https:\\\/\\\/wein-werte.com\\\/de\\\/?s={search_term_string}\"},\"query-input\":{\"@type\":\"PropertyValueSpecification\",\"valueRequired\":true,\"valueName\":\"search_term_string\"}}],\"inLanguage\":\"de\"},{\"@type\":\"Organization\",\"@id\":\"https:\\\/\\\/wein-werte.com\\\/de\\\/#organization\",\"name\":\"Vins Fins Thorrold\",\"url\":\"https:\\\/\\\/wein-werte.com\\\/de\\\/\",\"logo\":{\"@type\":\"ImageObject\",\"inLanguage\":\"de\",\"@id\":\"https:\\\/\\\/wein-werte.com\\\/de\\\/#\\\/schema\\\/logo\\\/image\\\/\",\"url\":\"https:\\\/\\\/wein-werte.com\\\/wp-content\\\/uploads\\\/2023\\\/07\\\/Wein_werte_Logo700-1.png\",\"contentUrl\":\"https:\\\/\\\/wein-werte.com\\\/wp-content\\\/uploads\\\/2023\\\/07\\\/Wein_werte_Logo700-1.png\",\"width\":700,\"height\":272,\"caption\":\"Vins Fins Thorrold\"},\"image\":{\"@id\":\"https:\\\/\\\/wein-werte.com\\\/de\\\/#\\\/schema\\\/logo\\\/image\\\/\"}}]}<\/script>\n<!-- \/ Yoast SEO plugin. -->","yoast_head_json":{"title":"Versand - Wein Werte","robots":{"index":"index","follow":"follow","max-snippet":"max-snippet:-1","max-image-preview":"max-image-preview:large","max-video-preview":"max-video-preview:-1"},"canonical":"https:\/\/wein-werte.com\/de\/versand\/","og_locale":"de_DE","og_type":"article","og_title":"Versand - Wein Werte","og_description":"[vc_row][vc_column][vc_column_text css=&#8221;&#8221;]Preise f\u00fcr Deutschland, die \u00fcbrige EU, die Schweiz und Liechtenstein Die auf den Produktseiten genannten Preise enthalten die gesetzliche Mehrwertsteuer und sonstige Preisbestandteile f\u00fcr die Lieferung nach Deutschland, in die \u00fcbrige EU , in die Schweiz und nach Liechtenstein. Die Preise inkl. Mehrwertsteuer sind f\u00fcr alle Kunden in Deutschland, der Schweiz und Liechtenstein gleich&hellip;","og_url":"https:\/\/wein-werte.com\/de\/versand\/","og_site_name":"Wein Werte","article_modified_time":"2026-04-09T16:13:54+00:00","twitter_card":"summary_large_image","twitter_misc":{"Gesch\u00e4tzte Lesezeit":"4\u00a0Minuten"},"schema":{"@context":"https:\/\/schema.org","@graph":[{"@type":"WebPage","@id":"https:\/\/wein-werte.com\/de\/versand\/","url":"https:\/\/wein-werte.com\/de\/versand\/","name":"Versand - Wein Werte","isPartOf":{"@id":"https:\/\/wein-werte.com\/de\/#website"},"datePublished":"2022-08-31T11:18:37+00:00","dateModified":"2026-04-09T16:13:54+00:00","breadcrumb":{"@id":"https:\/\/wein-werte.com\/de\/versand\/#breadcrumb"},"inLanguage":"de","potentialAction":[{"@type":"ReadAction","target":["https:\/\/wein-werte.com\/de\/versand\/"]}]},{"@type":"BreadcrumbList","@id":"https:\/\/wein-werte.com\/de\/versand\/#breadcrumb","itemListElement":[{"@type":"ListItem","position":1,"name":"Home","item":"https:\/\/wein-werte.com\/de\/"},{"@type":"ListItem","position":2,"name":"Versand"}]},{"@type":"WebSite","@id":"https:\/\/wein-werte.com\/de\/#website","url":"https:\/\/wein-werte.com\/de\/","name":"Wein Werte","description":"","publisher":{"@id":"https:\/\/wein-werte.com\/de\/#organization"},"potentialAction":[{"@type":"SearchAction","target":{"@type":"EntryPoint","urlTemplate":"https:\/\/wein-werte.com\/de\/?s={search_term_string}"},"query-input":{"@type":"PropertyValueSpecification","valueRequired":true,"valueName":"search_term_string"}}],"inLanguage":"de"},{"@type":"Organization","@id":"https:\/\/wein-werte.com\/de\/#organization","name":"Vins Fins Thorrold","url":"https:\/\/wein-werte.com\/de\/","logo":{"@type":"ImageObject","inLanguage":"de","@id":"https:\/\/wein-werte.com\/de\/#\/schema\/logo\/image\/","url":"https:\/\/wein-werte.com\/wp-content\/uploads\/2023\/07\/Wein_werte_Logo700-1.png","contentUrl":"https:\/\/wein-werte.com\/wp-content\/uploads\/2023\/07\/Wein_werte_Logo700-1.png","width":700,"height":272,"caption":"Vins Fins Thorrold"},"image":{"@id":"https:\/\/wein-werte.com\/de\/#\/schema\/logo\/image\/"}}]}},"_links":{"self":[{"href":"https:\/\/wein-werte.com\/de\/wp-json\/wp\/v2\/pages\/33956","targetHints":{"allow":["GET"]}}],"collection":[{"href":"https:\/\/wein-werte.com\/de\/wp-json\/wp\/v2\/pages"}],"about":[{"href":"https:\/\/wein-werte.com\/de\/wp-json\/wp\/v2\/types\/page"}],"author":[{"embeddable":true,"href":"https:\/\/wein-werte.com\/de\/wp-json\/wp\/v2\/users\/1"}],"replies":[{"embeddable":true,"href":"https:\/\/wein-werte.com\/de\/wp-json\/wp\/v2\/comments?post=33956"}],"version-history":[{"count":0,"href":"https:\/\/wein-werte.com\/de\/wp-json\/wp\/v2\/pages\/33956\/revisions"}],"wp:attachment":[{"href":"https:\/\/wein-werte.com\/de\/wp-json\/wp\/v2\/media?parent=33956"}],"curies":[{"name":"wp","href":"https:\/\/api.w.org\/{rel}","templated":true}]}}